{"id":726,"date":"2021-02-15T07:42:48","date_gmt":"2021-02-15T07:42:48","guid":{"rendered":"http:\/\/matthewnorrislaw.com\/?page_id=726"},"modified":"2021-02-15T07:45:36","modified_gmt":"2021-02-15T07:45:36","slug":"sobre-nosotros","status":"publish","type":"page","link":"https:\/\/matthewnorrislaw.com\/es\/sobre-nosotros\/","title":{"rendered":"Sobre Nosotros"},"content":{"rendered":"<h1>CONOZCA AL ABOGADO MATTHEW NORRIS<\/h1>\n<div class=\"Inner-Video\"><iframe loading=\"lazy\" width=\"560\" height=\"315\" src=\"https:\/\/www.youtube.com\/embed\/xjRw4ZUXrOw\" frameborder=\"0\" allow=\"accelerometer; autoplay; clipboard-write; encrypted-media; gyroscope; picture-in-picture\" allowfullscreen><\/iframe><\/div>\n<p>Matt se gradu\u00f3 de la Universidad de Texas en Austin en 2005. Despu\u00e9s de un par de a\u00f1os de trabajar como fot\u00f3grafo, Matt se inscribi\u00f3 en la Facultad de Derecho de St. Mary y se gradu\u00f3 en 2011. En la facultad de derecho, Matt fue incluido en el Cuadro de Honor, particip\u00f3 en la Cl\u00ednica de Justicia de Civil y obtuvo su certificado de Servicio Pro Bono.<\/p>\n<p>Al graduarse, Matt abri\u00f3 de inmediato el Bufete Jur\u00eddico de Matthew S. Norris. Adem\u00e1s de casos de lesiones personales, Matt se dedic\u00f3 a todo tipo de asuntos legales, incluyendo divorcios, custodia de menores, disputas penales y comerciales, derecho del consumidor, y sucesiones. Matt finalmente decidi\u00f3 limitar su pr\u00e1ctica a la representaci\u00f3n de aquellos que hab\u00edan resultado lesionados sin haber tenido la culpa.<\/p>\n<p>Matt tiene licencia para ejercer la abogac\u00eda por la Corte Suprema de Texas y la Corte del Distrito Federal Occidental de Texas. Es miembro de la Asociaci\u00f3n de Abogados Litigantes de Texas, la Asociaci\u00f3n de Abogados Litigantes de San Antonio, la Asociaci\u00f3n Americana de Justicia y la Asociaci\u00f3n del Colegio de Abogados de San Antonio.<\/p>\n<p>Matt es el orgulloso padre de tres ni\u00f1os y una ni\u00f1a. Le gusta entrenar ligas menores de b\u00e9isbol, viajar de mochilero y tocar la guitarra.<\/p>\n<h2>Admisiones<\/h2>\n<ul>\n<li>Texas, 2011<\/li>\n<li>Tribunal Federal de Distrito de los Estados Unidos, Distrito Occidental de Texas, 2012<\/li>\n<\/ul>\n<h2>Educaci\u00f3n<\/h2>\n<ul>\n<li>Universidad de Texas en Austin, Licenciatura en Radio-Televisi\u00f3n-Cine, 2005<\/li>\n<li>Escuela de Derecho de St. Mary, JD, 2011<\/li>\n<\/ul>\n<h2>Membres\u00edas<\/h2>\n<ul>\n<li>Colegio de Abogados de Texas<\/li>\n<li>Asociaci\u00f3n del Colegio de Abogados de San Antonio<\/li>\n<li>Asociaci\u00f3n de Abogados Litigantes de San Antonio \u2013 Junta Directiva, 2015<\/li>\n<li>Asociaci\u00f3n de Abogados Litigantes de Texas<\/li>\n<li>Asociaci\u00f3n Americana de Justicia<\/li>\n<\/ul>\n","protected":false},"excerpt":{"rendered":"<p>CONOZCA AL ABOGADO MATTHEW NORRIS Matt se gradu\u00f3 de la Universidad de Texas en Austin en 2005. Despu\u00e9s de un par de a\u00f1os de trabajar como fot\u00f3grafo, Matt se inscribi\u00f3 en la Facultad de Derecho de St. Mary y se gradu\u00f3 en 2011. En la facultad de derecho, Matt fue incluido en el Cuadro de [&hellip;]<\/p>\n","protected":false},"author":1,"featured_media":0,"parent":0,"menu_order":0,"comment_status":"closed","ping_status":"closed","template":"","meta":{"_genesis_hide_title":false,"_genesis_hide_breadcrumbs":false,"_genesis_hide_singular_image":false,"_genesis_hide_footer_widgets":false,"_genesis_custom_body_class":"","_genesis_custom_post_class":"","_genesis_layout":"","footnotes":""},"class_list":{"0":"post-726","1":"page","2":"type-page","3":"status-publish","5":"entry"},"yoast_head":"<!-- This site is optimized with the Yoast SEO plugin v27.2 - https:\/\/yoast.com\/product\/yoast-seo-wordpress\/ -->\n<title>Sobre Nosotros | Texas | Bufete Jur\u00eddico de Matthew S. Norris, PLLC<\/title>\n<meta name=\"robots\" content=\"noindex, follow\" \/>\n<meta property=\"og:locale\" content=\"es_ES\" \/>\n<meta property=\"og:type\" content=\"article\" \/>\n<meta property=\"og:title\" content=\"Sobre Nosotros | Texas | Bufete Jur\u00eddico de Matthew S. Norris, PLLC\" \/>\n<meta property=\"og:description\" content=\"CONOZCA AL ABOGADO MATTHEW NORRIS Matt se gradu\u00f3 de la Universidad de Texas en Austin en 2005. Despu\u00e9s de un par de a\u00f1os de trabajar como fot\u00f3grafo, Matt se inscribi\u00f3 en la Facultad de Derecho de St. Mary y se gradu\u00f3 en 2011. En la facultad de derecho, Matt fue incluido en el Cuadro de [&hellip;]\" \/>\n<meta property=\"og:url\" content=\"https:\/\/matthewnorrislaw.com\/es\/sobre-nosotros\/\" \/>\n<meta property=\"og:site_name\" content=\"Matthew Norris Law\" \/>\n<meta property=\"article:modified_time\" content=\"2021-02-15T07:45:36+00:00\" \/>\n<meta name=\"twitter:card\" content=\"summary_large_image\" \/>\n<meta name=\"twitter:label1\" content=\"Tiempo de lectura\" \/>\n\t<meta name=\"twitter:data1\" content=\"1 minuto\" \/>\n<script type=\"application\/ld+json\" class=\"yoast-schema-graph\">{\"@context\":\"https:\/\/schema.org\",\"@graph\":[{\"@type\":\"WebPage\",\"@id\":\"https:\/\/matthewnorrislaw.com\/es\/sobre-nosotros\/\",\"url\":\"https:\/\/matthewnorrislaw.com\/es\/sobre-nosotros\/\",\"name\":\"Sobre Nosotros | Texas | Bufete Jur\u00eddico de Matthew S. Norris, PLLC\",\"isPartOf\":{\"@id\":\"https:\/\/matthewnorrislaw.com\/#website\"},\"datePublished\":\"2021-02-15T07:42:48+00:00\",\"dateModified\":\"2021-02-15T07:45:36+00:00\",\"breadcrumb\":{\"@id\":\"https:\/\/matthewnorrislaw.com\/es\/sobre-nosotros\/#breadcrumb\"},\"inLanguage\":\"es\",\"potentialAction\":[{\"@type\":\"ReadAction\",\"target\":[\"https:\/\/matthewnorrislaw.com\/es\/sobre-nosotros\/\"]}]},{\"@type\":\"BreadcrumbList\",\"@id\":\"https:\/\/matthewnorrislaw.com\/es\/sobre-nosotros\/#breadcrumb\",\"itemListElement\":[{\"@type\":\"ListItem\",\"position\":1,\"name\":\"Home\",\"item\":\"https:\/\/matthewnorrislaw.com\/es\/\"},{\"@type\":\"ListItem\",\"position\":2,\"name\":\"Sobre Nosotros\"}]},{\"@type\":\"WebSite\",\"@id\":\"https:\/\/matthewnorrislaw.com\/#website\",\"url\":\"https:\/\/matthewnorrislaw.com\/\",\"name\":\"Matthew Norris Law\",\"description\":\"\",\"potentialAction\":[{\"@type\":\"SearchAction\",\"target\":{\"@type\":\"EntryPoint\",\"urlTemplate\":\"https:\/\/matthewnorrislaw.com\/?s={search_term_string}\"},\"query-input\":{\"@type\":\"PropertyValueSpecification\",\"valueRequired\":true,\"valueName\":\"search_term_string\"}}],\"inLanguage\":\"es\"}]}<\/script>\n<!-- \/ Yoast SEO plugin. -->","yoast_head_json":{"title":"Sobre Nosotros | Texas | Bufete Jur\u00eddico de Matthew S. Norris, PLLC","robots":{"index":"noindex","follow":"follow"},"og_locale":"es_ES","og_type":"article","og_title":"Sobre Nosotros | Texas | Bufete Jur\u00eddico de Matthew S. Norris, PLLC","og_description":"CONOZCA AL ABOGADO MATTHEW NORRIS Matt se gradu\u00f3 de la Universidad de Texas en Austin en 2005. Despu\u00e9s de un par de a\u00f1os de trabajar como fot\u00f3grafo, Matt se inscribi\u00f3 en la Facultad de Derecho de St. Mary y se gradu\u00f3 en 2011. En la facultad de derecho, Matt fue incluido en el Cuadro de [&hellip;]","og_url":"https:\/\/matthewnorrislaw.com\/es\/sobre-nosotros\/","og_site_name":"Matthew Norris Law","article_modified_time":"2021-02-15T07:45:36+00:00","twitter_card":"summary_large_image","twitter_misc":{"Tiempo de lectura":"1 minuto"},"schema":{"@context":"https:\/\/schema.org","@graph":[{"@type":"WebPage","@id":"https:\/\/matthewnorrislaw.com\/es\/sobre-nosotros\/","url":"https:\/\/matthewnorrislaw.com\/es\/sobre-nosotros\/","name":"Sobre Nosotros | Texas | Bufete Jur\u00eddico de Matthew S. Norris, PLLC","isPartOf":{"@id":"https:\/\/matthewnorrislaw.com\/#website"},"datePublished":"2021-02-15T07:42:48+00:00","dateModified":"2021-02-15T07:45:36+00:00","breadcrumb":{"@id":"https:\/\/matthewnorrislaw.com\/es\/sobre-nosotros\/#breadcrumb"},"inLanguage":"es","potentialAction":[{"@type":"ReadAction","target":["https:\/\/matthewnorrislaw.com\/es\/sobre-nosotros\/"]}]},{"@type":"BreadcrumbList","@id":"https:\/\/matthewnorrislaw.com\/es\/sobre-nosotros\/#breadcrumb","itemListElement":[{"@type":"ListItem","position":1,"name":"Home","item":"https:\/\/matthewnorrislaw.com\/es\/"},{"@type":"ListItem","position":2,"name":"Sobre Nosotros"}]},{"@type":"WebSite","@id":"https:\/\/matthewnorrislaw.com\/#website","url":"https:\/\/matthewnorrislaw.com\/","name":"Matthew Norris Law","description":"","potentialAction":[{"@type":"SearchAction","target":{"@type":"EntryPoint","urlTemplate":"https:\/\/matthewnorrislaw.com\/?s={search_term_string}"},"query-input":{"@type":"PropertyValueSpecification","valueRequired":true,"valueName":"search_term_string"}}],"inLanguage":"es"}]}},"_links":{"self":[{"href":"https:\/\/matthewnorrislaw.com\/es\/wp-json\/wp\/v2\/pages\/726","targetHints":{"allow":["GET"]}}],"collection":[{"href":"https:\/\/matthewnorrislaw.com\/es\/wp-json\/wp\/v2\/pages"}],"about":[{"href":"https:\/\/matthewnorrislaw.com\/es\/wp-json\/wp\/v2\/types\/page"}],"author":[{"embeddable":true,"href":"https:\/\/matthewnorrislaw.com\/es\/wp-json\/wp\/v2\/users\/1"}],"replies":[{"embeddable":true,"href":"https:\/\/matthewnorrislaw.com\/es\/wp-json\/wp\/v2\/comments?post=726"}],"version-history":[{"count":0,"href":"https:\/\/matthewnorrislaw.com\/es\/wp-json\/wp\/v2\/pages\/726\/revisions"}],"wp:attachment":[{"href":"https:\/\/matthewnorrislaw.com\/es\/wp-json\/wp\/v2\/media?parent=726"}],"curies":[{"name":"wp","href":"https:\/\/api.w.org\/{rel}","templated":true}]}}