{"id":729,"date":"2021-02-15T07:46:30","date_gmt":"2021-02-15T07:46:30","guid":{"rendered":"http:\/\/matthewnorrislaw.com\/?page_id=729"},"modified":"2021-02-15T07:46:44","modified_gmt":"2021-02-15T07:46:44","slug":"contactenos","status":"publish","type":"page","link":"https:\/\/matthewnorrislaw.com\/es\/contactenos\/","title":{"rendered":"Cont\u00e1ctenos"},"content":{"rendered":"<h1>\u00a1Comun\u00edquese Con Nuestra Oficina Hoy Mismo!<\/h1>\n<div class=\"Contact-Info\">\n<ul>\n<li><a href=\"#\" target=\"_blank\" rel=\"noopener noreferrer\"><img decoding=\"async\" src=\"https:\/\/matthewnorrislaw.com\/wp-content\/uploads\/2020\/11\/i1.png\" alt=\"\" \/><strong>Bufete Jur\u00eddico de Matthew S. Norris<\/strong><br \/>\n12011 Huebner Rd #101<br \/>\nSan Antonio, TX 78230<\/a><\/li>\n<li><strong>Tel\u00e9fono:<\/strong> <a href=\"tel:+12105497633\"><img decoding=\"async\" src=\"https:\/\/matthewnorrislaw.com\/wp-content\/uploads\/2020\/11\/i3.png\" alt=\"\" \/>(210) 549-7633<\/a><\/li>\n<li class=\"Fax\"><strong>Fax:<\/strong><img decoding=\"async\" src=\"https:\/\/matthewnorrislaw.com\/wp-content\/uploads\/2020\/11\/f-icon3.png\" alt=\"\" \/> (210) 446-4482<\/li>\n<li><strong>Email:<\/strong> <a href=\"mailto:matt@matthewnorrislaw.com\"><img decoding=\"async\" src=\"https:\/\/matthewnorrislaw.com\/wp-content\/uploads\/2020\/11\/i2.png\" alt=\"\" \/>matt@matthewnorrislaw.com <\/a><\/li>\n<\/ul>\n<div class=\"sfs-fast-map\" data-iframe-width=\"750\" data-iframe-height=\"350\" data-iframe-src=\"https:\/\/www.google.com\/maps\/embed?pb=!1m18!1m12!1m3!1d3473.007278599783!2d-98.54434678542005!3d29.486985551646278!2m3!1f0!2f0!3f0!3m2!1i1024!2i768!4f13.1!3m3!1m2!1s0x865c5e46f46101df%3A0x5ea69485b1ad9be5!2sLaw%20Office%20of%20Matthew%20S.%20Norris!5e0!3m2!1sen!2sin!4v1606302745559!5m2!1sen!2sin\"><a title=\"Click to activate map\" href=\"#\"><img decoding=\"async\" src=\"https:\/\/matthewnorrislaw.com\/wp-content\/uploads\/2020\/11\/map01.png\" \/><\/a><\/div>\n<\/div>\n","protected":false},"excerpt":{"rendered":"<p>\u00a1Comun\u00edquese Con Nuestra Oficina Hoy Mismo! Bufete Jur\u00eddico de Matthew S. Norris 12011 Huebner Rd #101 San Antonio, TX 78230 Tel\u00e9fono: (210) 549-7633 Fax: (210) 446-4482 Email: matt@matthewnorrislaw.com<\/p>\n","protected":false},"author":1,"featured_media":0,"parent":0,"menu_order":0,"comment_status":"closed","ping_status":"closed","template":"","meta":{"_genesis_hide_title":false,"_genesis_hide_breadcrumbs":false,"_genesis_hide_singular_image":false,"_genesis_hide_footer_widgets":false,"_genesis_custom_body_class":"","_genesis_custom_post_class":"","_genesis_layout":"","footnotes":""},"class_list":{"0":"post-729","1":"page","2":"type-page","3":"status-publish","5":"entry"},"yoast_head":"<!-- This site is optimized with the Yoast SEO plugin v27.2 - https:\/\/yoast.com\/product\/yoast-seo-wordpress\/ -->\n<title>Cont\u00e1ctenos | Texas | Bufete Jur\u00eddico de Matthew S. Norris, PLLC<\/title>\n<meta name=\"robots\" content=\"noindex, follow\" \/>\n<meta property=\"og:locale\" content=\"es_ES\" \/>\n<meta property=\"og:type\" content=\"article\" \/>\n<meta property=\"og:title\" content=\"Cont\u00e1ctenos | Texas | Bufete Jur\u00eddico de Matthew S. Norris, PLLC\" \/>\n<meta property=\"og:description\" content=\"\u00a1Comun\u00edquese Con Nuestra Oficina Hoy Mismo! Bufete Jur\u00eddico de Matthew S. Norris 12011 Huebner Rd #101 San Antonio, TX 78230 Tel\u00e9fono: (210) 549-7633 Fax: (210) 446-4482 Email: matt@matthewnorrislaw.com\" \/>\n<meta property=\"og:url\" content=\"https:\/\/matthewnorrislaw.com\/es\/contactenos\/\" \/>\n<meta property=\"og:site_name\" content=\"Matthew Norris Law\" \/>\n<meta property=\"article:modified_time\" content=\"2021-02-15T07:46:44+00:00\" \/>\n<meta property=\"og:image\" content=\"http:\/\/matthewnorrislaw.com\/wp-content\/uploads\/2020\/11\/i1.png\" \/>\n<meta name=\"twitter:card\" content=\"summary_large_image\" \/>\n<script type=\"application\/ld+json\" class=\"yoast-schema-graph\">{\"@context\":\"https:\/\/schema.org\",\"@graph\":[{\"@type\":\"WebPage\",\"@id\":\"https:\/\/matthewnorrislaw.com\/es\/contactenos\/\",\"url\":\"https:\/\/matthewnorrislaw.com\/es\/contactenos\/\",\"name\":\"Cont\u00e1ctenos | Texas | Bufete Jur\u00eddico de Matthew S. Norris, PLLC\",\"isPartOf\":{\"@id\":\"https:\/\/matthewnorrislaw.com\/#website\"},\"primaryImageOfPage\":{\"@id\":\"https:\/\/matthewnorrislaw.com\/es\/contactenos\/#primaryimage\"},\"image\":{\"@id\":\"https:\/\/matthewnorrislaw.com\/es\/contactenos\/#primaryimage\"},\"thumbnailUrl\":\"https:\/\/matthewnorrislaw.com\/wp-content\/uploads\/2020\/11\/i1.png\",\"datePublished\":\"2021-02-15T07:46:30+00:00\",\"dateModified\":\"2021-02-15T07:46:44+00:00\",\"breadcrumb\":{\"@id\":\"https:\/\/matthewnorrislaw.com\/es\/contactenos\/#breadcrumb\"},\"inLanguage\":\"es\",\"potentialAction\":[{\"@type\":\"ReadAction\",\"target\":[\"https:\/\/matthewnorrislaw.com\/es\/contactenos\/\"]}]},{\"@type\":\"ImageObject\",\"inLanguage\":\"es\",\"@id\":\"https:\/\/matthewnorrislaw.com\/es\/contactenos\/#primaryimage\",\"url\":\"https:\/\/matthewnorrislaw.com\/wp-content\/uploads\/2020\/11\/i1.png\",\"contentUrl\":\"https:\/\/matthewnorrislaw.com\/wp-content\/uploads\/2020\/11\/i1.png\"},{\"@type\":\"BreadcrumbList\",\"@id\":\"https:\/\/matthewnorrislaw.com\/es\/contactenos\/#breadcrumb\",\"itemListElement\":[{\"@type\":\"ListItem\",\"position\":1,\"name\":\"Home\",\"item\":\"https:\/\/matthewnorrislaw.com\/es\/\"},{\"@type\":\"ListItem\",\"position\":2,\"name\":\"Cont\u00e1ctenos\"}]},{\"@type\":\"WebSite\",\"@id\":\"https:\/\/matthewnorrislaw.com\/#website\",\"url\":\"https:\/\/matthewnorrislaw.com\/\",\"name\":\"Matthew Norris Law\",\"description\":\"\",\"potentialAction\":[{\"@type\":\"SearchAction\",\"target\":{\"@type\":\"EntryPoint\",\"urlTemplate\":\"https:\/\/matthewnorrislaw.com\/?s={search_term_string}\"},\"query-input\":{\"@type\":\"PropertyValueSpecification\",\"valueRequired\":true,\"valueName\":\"search_term_string\"}}],\"inLanguage\":\"es\"}]}<\/script>\n<!-- \/ Yoast SEO plugin. -->","yoast_head_json":{"title":"Cont\u00e1ctenos | Texas | Bufete Jur\u00eddico de Matthew S. Norris, PLLC","robots":{"index":"noindex","follow":"follow"},"og_locale":"es_ES","og_type":"article","og_title":"Cont\u00e1ctenos | Texas | Bufete Jur\u00eddico de Matthew S. Norris, PLLC","og_description":"\u00a1Comun\u00edquese Con Nuestra Oficina Hoy Mismo! Bufete Jur\u00eddico de Matthew S. Norris 12011 Huebner Rd #101 San Antonio, TX 78230 Tel\u00e9fono: (210) 549-7633 Fax: (210) 446-4482 Email: matt@matthewnorrislaw.com","og_url":"https:\/\/matthewnorrislaw.com\/es\/contactenos\/","og_site_name":"Matthew Norris Law","article_modified_time":"2021-02-15T07:46:44+00:00","og_image":[{"url":"http:\/\/matthewnorrislaw.com\/wp-content\/uploads\/2020\/11\/i1.png","type":"","width":"","height":""}],"twitter_card":"summary_large_image","schema":{"@context":"https:\/\/schema.org","@graph":[{"@type":"WebPage","@id":"https:\/\/matthewnorrislaw.com\/es\/contactenos\/","url":"https:\/\/matthewnorrislaw.com\/es\/contactenos\/","name":"Cont\u00e1ctenos | Texas | Bufete Jur\u00eddico de Matthew S. Norris, PLLC","isPartOf":{"@id":"https:\/\/matthewnorrislaw.com\/#website"},"primaryImageOfPage":{"@id":"https:\/\/matthewnorrislaw.com\/es\/contactenos\/#primaryimage"},"image":{"@id":"https:\/\/matthewnorrislaw.com\/es\/contactenos\/#primaryimage"},"thumbnailUrl":"https:\/\/matthewnorrislaw.com\/wp-content\/uploads\/2020\/11\/i1.png","datePublished":"2021-02-15T07:46:30+00:00","dateModified":"2021-02-15T07:46:44+00:00","breadcrumb":{"@id":"https:\/\/matthewnorrislaw.com\/es\/contactenos\/#breadcrumb"},"inLanguage":"es","potentialAction":[{"@type":"ReadAction","target":["https:\/\/matthewnorrislaw.com\/es\/contactenos\/"]}]},{"@type":"ImageObject","inLanguage":"es","@id":"https:\/\/matthewnorrislaw.com\/es\/contactenos\/#primaryimage","url":"https:\/\/matthewnorrislaw.com\/wp-content\/uploads\/2020\/11\/i1.png","contentUrl":"https:\/\/matthewnorrislaw.com\/wp-content\/uploads\/2020\/11\/i1.png"},{"@type":"BreadcrumbList","@id":"https:\/\/matthewnorrislaw.com\/es\/contactenos\/#breadcrumb","itemListElement":[{"@type":"ListItem","position":1,"name":"Home","item":"https:\/\/matthewnorrislaw.com\/es\/"},{"@type":"ListItem","position":2,"name":"Cont\u00e1ctenos"}]},{"@type":"WebSite","@id":"https:\/\/matthewnorrislaw.com\/#website","url":"https:\/\/matthewnorrislaw.com\/","name":"Matthew Norris Law","description":"","potentialAction":[{"@type":"SearchAction","target":{"@type":"EntryPoint","urlTemplate":"https:\/\/matthewnorrislaw.com\/?s={search_term_string}"},"query-input":{"@type":"PropertyValueSpecification","valueRequired":true,"valueName":"search_term_string"}}],"inLanguage":"es"}]}},"_links":{"self":[{"href":"https:\/\/matthewnorrislaw.com\/es\/wp-json\/wp\/v2\/pages\/729","targetHints":{"allow":["GET"]}}],"collection":[{"href":"https:\/\/matthewnorrislaw.com\/es\/wp-json\/wp\/v2\/pages"}],"about":[{"href":"https:\/\/matthewnorrislaw.com\/es\/wp-json\/wp\/v2\/types\/page"}],"author":[{"embeddable":true,"href":"https:\/\/matthewnorrislaw.com\/es\/wp-json\/wp\/v2\/users\/1"}],"replies":[{"embeddable":true,"href":"https:\/\/matthewnorrislaw.com\/es\/wp-json\/wp\/v2\/comments?post=729"}],"version-history":[{"count":0,"href":"https:\/\/matthewnorrislaw.com\/es\/wp-json\/wp\/v2\/pages\/729\/revisions"}],"wp:attachment":[{"href":"https:\/\/matthewnorrislaw.com\/es\/wp-json\/wp\/v2\/media?parent=729"}],"curies":[{"name":"wp","href":"https:\/\/api.w.org\/{rel}","templated":true}]}}