{"id":732,"date":"2021-02-15T07:50:58","date_gmt":"2021-02-15T07:50:58","guid":{"rendered":"http:\/\/matthewnorrislaw.com\/?page_id=732"},"modified":"2021-02-16T15:41:56","modified_gmt":"2021-02-16T15:41:56","slug":"practice-areas","status":"publish","type":"page","link":"https:\/\/matthewnorrislaw.com\/es\/practice-areas\/","title":{"rendered":"Servicios"},"content":{"rendered":"<h1>\u00bfC\u00f3mo Podemos Ayudarlo?<\/h1>\n<div id=\"Personal-Injury\" class=\"Practice-COl\">\n<h2>Lesiones Personales<\/h2>\n<p>\u00bfHa resultado lesionado en un accidente causado por las acciones negligentes de otra persona? Podemos ayudarlo a armar un caso s\u00f3lido y obtener la indemnizaci\u00f3n que se merece.<\/p>\n<\/div>\n<div id=\"Auto-Accidents\" class=\"Practice-COl\">\n<h2>Accidentes Automovil\u00edsticos<\/h2>\n<p>Si ha resultado lesionado en un accidente automovil\u00edstico y cree que el otro conductor puede tener la culpa, entonces necesita un equipo legal agresivo de su lado. Cont\u00e1ctenos para saber c\u00f3mo podemos ayudarlo a obtener una indemnizaci\u00f3n por sus lesiones por accidente automovil\u00edstico.<\/p>\n<\/div>\n<div id=\"Brain-Injuries\" class=\"Practice-COl\">\n<h2>Lesiones Cerebrales<\/h2>\n<p>Si sufre una lesi\u00f3n cerebral traum\u00e1tica debido a una negligencia, entonces necesitar\u00e1 una indemnizaci\u00f3n sustancial a largo plazo. Nuestro bufete de abogados sabe c\u00f3mo obtener una indemnizaci\u00f3n para las v\u00edctimas de lesiones cerebrales.<\/p>\n<\/div>\n<div id=\"Construction-Accidents\" class=\"Practice-COl\">\n<h2>Accidentes de Construcci\u00f3n<\/h2>\n<p>Si se lesiona trabajando en un sitio de construcci\u00f3n, necesitar\u00e1 un abogado que comprenda la industria y tenga experiencia sustancial en la obtenci\u00f3n de indemnizaciones para trabajadores de la construcci\u00f3n.<\/p>\n<\/div>\n<div id=\"Defective-Products\" class=\"Practice-COl\">\n<h2>Productos Defectuosos<\/h2>\n<p>Cuando un producto de consumo funciona mal y causa una lesi\u00f3n, se necesita de un abogado que se enfrente a los fabricantes del producto y los haga responsables. Nuestro bufete de abogados puede ayudarlo con todos los aspectos de un reclamo por responsabilidad de producto.<\/p>\n<\/div>\n<div id=\"Intoxicated\" class=\"Practice-COl\">\n<h2>Accidentes con Conductores Intoxicados<\/h2>\n<p>\u00bfHa resultado lesionado en un accidente con un conductor intoxicado? Haremos responsable al conductor de sus facturas m\u00e9dicas, salarios perdidos, dolor, sufrimiento, y otras p\u00e9rdidas.<\/p>\n<\/div>\n<div id=\"Oilfield-Accidents\" class=\"Practice-COl\">\n<h2>Accidentes de Campos Petroleros<\/h2>\n<p>Los campos petroleros est\u00e1n plagados de peligros potenciales que incluyen incendios, explosiones, y fallas de equipos. Representamos agresivamente a las v\u00edctimas de lesiones por accidentes en campos petroleros.<\/p>\n<\/div>\n<div id=\"Premises-Liability\" class=\"Practice-COl\">\n<h2>Responsabilidad Locativa<\/h2>\n<p>Cuando ha resultado lesionado en un accidente de resbal\u00f3n y ca\u00edda u otro accidente debido a instalaciones en mal estado, podemos explicarle sus derechos y ayudarlo a obtener una indemnizaci\u00f3n por sus lesiones.<\/p>\n<\/div>\n<div id=\"Trucking-Accidents\" class=\"Practice-COl\">\n<h2>Accidentes de Camiones<\/h2>\n<p>Los accidentes de camiones son devastadores. Estos accidentes suelen provocar lesiones graves o la muerte. Si se lesiona en un accidente que involucra a un cami\u00f3n de gran tama\u00f1o, no luche contra la compa\u00f1\u00eda de camiones por su cuenta. D\u00e9jenos ayudarle.<\/p>\n<\/div>\n<div id=\"Wrongful-Death\" class=\"Practice-COl\">\n<h2>Muerte por Negligencia<\/h2>\n<p>Si un miembro de su familia muere inesperadamente en un accidente, y usted cree que su muerte podr\u00eda haberse evitado, podemos luchar para que reciba una indemnizaci\u00f3n \u2013 y justicia \u2013 en nombre de su familia.<\/p>\n<\/div>\n<div id=\"Workplace-Injuries\" class=\"Practice-COl\">\n<h2>Lesiones Laborales<\/h2>\n<p>\u00bfSu reclamo de indemnizaci\u00f3n para trabajadores ha sido mal manejado o denegado sin una buena raz\u00f3n? Si ha resultado lesionado al trabajar, comun\u00edquese con nuestro bufete de abogado para obtener un asesoramiento s\u00f3lido y una representaci\u00f3n efectiva.<\/p>\n<\/div>\n","protected":false},"excerpt":{"rendered":"<p>\u00bfC\u00f3mo Podemos Ayudarlo? Lesiones Personales \u00bfHa resultado lesionado en un accidente causado por las acciones negligentes de otra persona? Podemos ayudarlo a armar un caso s\u00f3lido y obtener la indemnizaci\u00f3n que se merece. Accidentes Automovil\u00edsticos Si ha resultado lesionado en un accidente automovil\u00edstico y cree que el otro conductor puede tener la culpa, entonces necesita [&hellip;]<\/p>\n","protected":false},"author":1,"featured_media":0,"parent":0,"menu_order":0,"comment_status":"closed","ping_status":"closed","template":"","meta":{"_genesis_hide_title":false,"_genesis_hide_breadcrumbs":false,"_genesis_hide_singular_image":false,"_genesis_hide_footer_widgets":false,"_genesis_custom_body_class":"","_genesis_custom_post_class":"","_genesis_layout":"","footnotes":""},"class_list":{"0":"post-732","1":"page","2":"type-page","3":"status-publish","5":"entry"},"yoast_head":"<!-- This site is optimized with the Yoast SEO plugin v27.2 - https:\/\/yoast.com\/product\/yoast-seo-wordpress\/ -->\n<title>Nuestros Servicios | Texas | Bufete Jur\u00eddico de Matthew S. Norris, PLLC<\/title>\n<meta name=\"description\" content=\"Matthew Norris es un experimentado abogado en lesiones personales que puede ayudarlo con su caso para que obtenga la indemnizaci\u00f3n que se merece.\" \/>\n<meta name=\"robots\" content=\"index, follow, max-snippet:-1, max-image-preview:large, max-video-preview:-1\" \/>\n<link rel=\"canonical\" href=\"https:\/\/matthewnorrislaw.com\/es\/practice-areas\/\" \/>\n<meta property=\"og:locale\" content=\"es_ES\" \/>\n<meta property=\"og:type\" content=\"article\" \/>\n<meta property=\"og:title\" content=\"Nuestros Servicios | Texas | Bufete Jur\u00eddico de Matthew S. Norris, PLLC\" \/>\n<meta property=\"og:description\" content=\"Matthew Norris es un experimentado abogado en lesiones personales que puede ayudarlo con su caso para que obtenga la indemnizaci\u00f3n que se merece.\" \/>\n<meta property=\"og:url\" content=\"https:\/\/matthewnorrislaw.com\/es\/practice-areas\/\" \/>\n<meta property=\"og:site_name\" content=\"Matthew Norris Law\" \/>\n<meta property=\"article:modified_time\" content=\"2021-02-16T15:41:56+00:00\" \/>\n<meta name=\"twitter:card\" content=\"summary_large_image\" \/>\n<meta name=\"twitter:label1\" content=\"Tiempo de lectura\" \/>\n\t<meta name=\"twitter:data1\" content=\"2 minutos\" \/>\n<script type=\"application\/ld+json\" class=\"yoast-schema-graph\">{\"@context\":\"https:\/\/schema.org\",\"@graph\":[{\"@type\":\"WebPage\",\"@id\":\"https:\/\/matthewnorrislaw.com\/es\/practice-areas\/\",\"url\":\"https:\/\/matthewnorrislaw.com\/es\/practice-areas\/\",\"name\":\"Nuestros Servicios | Texas | Bufete Jur\u00eddico de Matthew S. Norris, PLLC\",\"isPartOf\":{\"@id\":\"https:\/\/matthewnorrislaw.com\/#website\"},\"datePublished\":\"2021-02-15T07:50:58+00:00\",\"dateModified\":\"2021-02-16T15:41:56+00:00\",\"description\":\"Matthew Norris es un experimentado abogado en lesiones personales que puede ayudarlo con su caso para que obtenga la indemnizaci\u00f3n que se merece.\",\"breadcrumb\":{\"@id\":\"https:\/\/matthewnorrislaw.com\/es\/practice-areas\/#breadcrumb\"},\"inLanguage\":\"es\",\"potentialAction\":[{\"@type\":\"ReadAction\",\"target\":[\"https:\/\/matthewnorrislaw.com\/es\/practice-areas\/\"]}]},{\"@type\":\"BreadcrumbList\",\"@id\":\"https:\/\/matthewnorrislaw.com\/es\/practice-areas\/#breadcrumb\",\"itemListElement\":[{\"@type\":\"ListItem\",\"position\":1,\"name\":\"Home\",\"item\":\"https:\/\/matthewnorrislaw.com\/es\/\"},{\"@type\":\"ListItem\",\"position\":2,\"name\":\"Servicios\"}]},{\"@type\":\"WebSite\",\"@id\":\"https:\/\/matthewnorrislaw.com\/#website\",\"url\":\"https:\/\/matthewnorrislaw.com\/\",\"name\":\"Matthew Norris Law\",\"description\":\"\",\"potentialAction\":[{\"@type\":\"SearchAction\",\"target\":{\"@type\":\"EntryPoint\",\"urlTemplate\":\"https:\/\/matthewnorrislaw.com\/?s={search_term_string}\"},\"query-input\":{\"@type\":\"PropertyValueSpecification\",\"valueRequired\":true,\"valueName\":\"search_term_string\"}}],\"inLanguage\":\"es\"}]}<\/script>\n<!-- \/ Yoast SEO plugin. -->","yoast_head_json":{"title":"Nuestros Servicios | Texas | Bufete Jur\u00eddico de Matthew S. Norris, PLLC","description":"Matthew Norris es un experimentado abogado en lesiones personales que puede ayudarlo con su caso para que obtenga la indemnizaci\u00f3n que se merece.","robots":{"index":"index","follow":"follow","max-snippet":"max-snippet:-1","max-image-preview":"max-image-preview:large","max-video-preview":"max-video-preview:-1"},"canonical":"https:\/\/matthewnorrislaw.com\/es\/practice-areas\/","og_locale":"es_ES","og_type":"article","og_title":"Nuestros Servicios | Texas | Bufete Jur\u00eddico de Matthew S. Norris, PLLC","og_description":"Matthew Norris es un experimentado abogado en lesiones personales que puede ayudarlo con su caso para que obtenga la indemnizaci\u00f3n que se merece.","og_url":"https:\/\/matthewnorrislaw.com\/es\/practice-areas\/","og_site_name":"Matthew Norris Law","article_modified_time":"2021-02-16T15:41:56+00:00","twitter_card":"summary_large_image","twitter_misc":{"Tiempo de lectura":"2 minutos"},"schema":{"@context":"https:\/\/schema.org","@graph":[{"@type":"WebPage","@id":"https:\/\/matthewnorrislaw.com\/es\/practice-areas\/","url":"https:\/\/matthewnorrislaw.com\/es\/practice-areas\/","name":"Nuestros Servicios | Texas | Bufete Jur\u00eddico de Matthew S. Norris, PLLC","isPartOf":{"@id":"https:\/\/matthewnorrislaw.com\/#website"},"datePublished":"2021-02-15T07:50:58+00:00","dateModified":"2021-02-16T15:41:56+00:00","description":"Matthew Norris es un experimentado abogado en lesiones personales que puede ayudarlo con su caso para que obtenga la indemnizaci\u00f3n que se merece.","breadcrumb":{"@id":"https:\/\/matthewnorrislaw.com\/es\/practice-areas\/#breadcrumb"},"inLanguage":"es","potentialAction":[{"@type":"ReadAction","target":["https:\/\/matthewnorrislaw.com\/es\/practice-areas\/"]}]},{"@type":"BreadcrumbList","@id":"https:\/\/matthewnorrislaw.com\/es\/practice-areas\/#breadcrumb","itemListElement":[{"@type":"ListItem","position":1,"name":"Home","item":"https:\/\/matthewnorrislaw.com\/es\/"},{"@type":"ListItem","position":2,"name":"Servicios"}]},{"@type":"WebSite","@id":"https:\/\/matthewnorrislaw.com\/#website","url":"https:\/\/matthewnorrislaw.com\/","name":"Matthew Norris Law","description":"","potentialAction":[{"@type":"SearchAction","target":{"@type":"EntryPoint","urlTemplate":"https:\/\/matthewnorrislaw.com\/?s={search_term_string}"},"query-input":{"@type":"PropertyValueSpecification","valueRequired":true,"valueName":"search_term_string"}}],"inLanguage":"es"}]}},"_links":{"self":[{"href":"https:\/\/matthewnorrislaw.com\/es\/wp-json\/wp\/v2\/pages\/732","targetHints":{"allow":["GET"]}}],"collection":[{"href":"https:\/\/matthewnorrislaw.com\/es\/wp-json\/wp\/v2\/pages"}],"about":[{"href":"https:\/\/matthewnorrislaw.com\/es\/wp-json\/wp\/v2\/types\/page"}],"author":[{"embeddable":true,"href":"https:\/\/matthewnorrislaw.com\/es\/wp-json\/wp\/v2\/users\/1"}],"replies":[{"embeddable":true,"href":"https:\/\/matthewnorrislaw.com\/es\/wp-json\/wp\/v2\/comments?post=732"}],"version-history":[{"count":0,"href":"https:\/\/matthewnorrislaw.com\/es\/wp-json\/wp\/v2\/pages\/732\/revisions"}],"wp:attachment":[{"href":"https:\/\/matthewnorrislaw.com\/es\/wp-json\/wp\/v2\/media?parent=732"}],"curies":[{"name":"wp","href":"https:\/\/api.w.org\/{rel}","templated":true}]}}