{"id":735,"date":"2021-02-15T18:34:28","date_gmt":"2021-02-15T18:34:28","guid":{"rendered":"http:\/\/matthewnorrislaw.com\/?page_id=735"},"modified":"2021-02-15T18:36:09","modified_gmt":"2021-02-15T18:36:09","slug":"auto-accident","status":"publish","type":"page","link":"https:\/\/matthewnorrislaw.com\/es\/auto-accident\/","title":{"rendered":"Accidentes Automovil\u00edsticos"},"content":{"rendered":"<h1>Abogado en Accidentes Automovil\u00edsticos de San Antonio Ayudando a las V\u00edctimas de Accidentes Automovil\u00edsticos a Conseguir Indemnizaci\u00f3n por sus Lesiones<\/h1>\n<div class=\"Inner-Video\"><iframe loading=\"lazy\" width=\"560\" height=\"315\" src=\"https:\/\/www.youtube.com\/embed\/xjRw4ZUXrOw\" frameborder=\"0\" allow=\"accelerometer; autoplay; clipboard-write; encrypted-media; gyroscope; picture-in-picture\" allowfullscreen><\/iframe><\/div>\n<p>Los accidentes automovil\u00edsticos ocurren por una variedad de razones, desde lapsos moment\u00e1neos de atenci\u00f3n hasta la imprudencia y la intoxicaci\u00f3n con sustancias. Si ha resultado lesionado en un accidente automovil\u00edstico y cree que el otro conductor podr\u00eda tener la culpa, debe saber que tiene derecho a recibir asesoramiento legal de un <a href=\"https:\/\/matthewnorrislaw.com\/es\" rel=\"noopener\" target=\"_blank\">abogado en lesiones personales de Texas<\/a>, y es posible que pueda buscar recibir una indemnizaci\u00f3n por sus lesiones y gastos relacionados, como salarios perdidos y m\u00e1s.<\/p>\n<p>El Bufete Jur\u00eddico de Matthew S. Norris ayuda a las v\u00edctimas de accidentes automovil\u00edsticos en el \u00e1rea de San Antonio a luchar por una indemnizaci\u00f3n y a recibir un trato justo por parte de las compa\u00f1\u00edas de seguros. Lesionarse en un accidente automovil\u00edstico es suficientemente traum\u00e1tico por s\u00ed mismo, por lo que lo \u00faltimo con lo que debe tener que lidiar es con una compa\u00f1\u00eda de seguros que no coopera. El  <a href=\"https:\/\/www.google.com\/maps\/place\/Law+Office+of+Matthew+S.+Norris\/@29.487004,-98.542097,15z\/data=!4m5!3m4!1s0x0:0x5ea69485b1ad9be5!8m2!3d29.487004!4d-98.542097?hl=en\" rel=\"noopener\" target=\"_blank\">abogado en accidentes automovil\u00edsticos de San Antonio<\/a>, Matthew S. Norris, lo guiar\u00e1 en cada paso del proceso de lesiones personales.<\/p>\n<h2>Si Su Auto Resulta Da\u00f1ado, Pero Usted Est\u00e1 Ileso<\/h2>\n<p>Si ha estado involucrado en un accidente automovil\u00edstico, pero result\u00f3 ileso, generalmente es m\u00e1s f\u00e1cil y mucho m\u00e1s conveniente manejar un reclamo por da\u00f1os por su cuenta. No necesitar\u00e1 la ayuda de un abogado a menos que la compa\u00f1\u00eda de seguros del otro conductor est\u00e9 operando de mala fe. Las compa\u00f1\u00edas de seguros de autos suelen resolver r\u00e1pidamente las reclamaciones por da\u00f1os a la propiedad, especialmente las reclamaciones por da\u00f1os a la propiedad por debajo de $10,000.<\/p>\n<p>El da\u00f1o a la propiedad en un accidente automovil\u00edstico suele ser mayor que el da\u00f1o a los veh\u00edculos involucrados. Otros veh\u00edculos, edificios, buzones de correo y cercas resultan da\u00f1ados con frecuencia en choques entre autos. Los art\u00edculos que trae con usted en un veh\u00edculo \u2013 desde palos de golf hasta computadoras \u2013 a menudo tambi\u00e9n se da\u00f1an o destruyen durante un accidente automovil\u00edstico.<\/p>\n<p>Texas obliga a los conductores culpables a pagar por los da\u00f1os a la propiedad que causan. Texas es un estado de seguros de autos \u201cbajo falta\u201d, por lo que, si su autom\u00f3vil resulta da\u00f1ado por un conductor negligente, usted debe presentar un reclamo por da\u00f1os a la propiedad a la compa\u00f1\u00eda de seguros de autos de ese conductor negligente.<\/p>\n<h2>\u00bfCu\u00e1ndo Debe Hablar con un Abogado en Lesiones Personales?<\/h2>\n<p>Siempre puede reemplazar un veh\u00edculo u otra propiedad da\u00f1ada, pero si sufre una lesi\u00f3n personal en un accidente automovil\u00edstico, entonces no debe correr ning\u00fan riesgo. Comun\u00edquese de inmediato con el bufete jur\u00eddico del abogado en accidentes automovil\u00edsticos de San Antonio, Matthew S. Norris. Cuando un accidente resulta en lesiones graves y facturas m\u00e9dicas elevadas, es probable que termine luchando contra una compa\u00f1\u00eda de seguros de autom\u00f3viles por un acuerdo justo, ya que el objetivo de cualquier compa\u00f1\u00eda es reducir costos y obtener ganancias.<\/p>\n<p>Cuando trabaje con un abogado en lesiones personales de Texas despu\u00e9s de haber sido lesionado por un conductor negligente, su abogado le explicar\u00e1 y proteger\u00e1 sus derechos, reunir\u00e1 pruebas, interrogar\u00e1 testigos y \u2013 si hay suficientes motivos legales para presentar un reclamo por lesiones personales \u2013 luchar\u00e1 agresivamente para que usted obtenga la indemnizaci\u00f3n a la que tiene derecho por ley por sus gastos m\u00e9dicos, salarios perdidos, dolor y sufrimiento personal, y m\u00e1s.<\/p>\n<h2>\u00bfA Cu\u00e1nta Indemnizaci\u00f3n Tiene Derecho Una V\u00edctima de un Accidente Automovil\u00edstico?<\/h2>\n<p>La cantidad que puede recuperar en un acuerdo o veredicto del jurado depender\u00e1 de la gravedad del accidente y el alcance de sus lesiones. Cada reclamo por lesiones personales es \u00fanico, por lo que necesitar\u00e1 del asesoramiento personalizado de un abogado en accidentes automovil\u00edsticos en Texas. Su abogado puede determinar si usted califica para presentar un reclamo por lesiones, explicarle lo que implica el proceso legal y brindarle una estimaci\u00f3n aproximada sobre la cantidad de indemnizaci\u00f3n que puede obtener.<\/p>\n<p>El primer paso que tomar\u00e1 su abogado ser\u00e1 llevar a cabo negociaciones privadas y extrajudiciales con la compa\u00f1\u00eda de seguros del otro conductor. La mayor\u00eda de los casos de lesiones personales en Texas se resuelven de forma privada, por lo que la mayor\u00eda de las v\u00edctimas de lesiones por negligencia ni siquiera tienen que comparecer ante el tribunal. Sin embargo, si la compa\u00f1\u00eda de seguros no hace una oferta razonable durante estas negociaciones, el abogado Matthew S. Norris llevar\u00e1 su caso a juicio y luchar\u00e1 por su indemnizaci\u00f3n en un tribunal de justicia.<\/p>\n<p>Si su caso de accidente automovil\u00edstico va a juicio, su abogado le explicar\u00e1 al juez y al jurado exactamente c\u00f3mo el otro conductor fue negligente, como usted result\u00f3 lesionado, y por qu\u00e9 deber\u00eda recibir una indemnizaci\u00f3n. El jurado considerar\u00e1 el tipo de lesi\u00f3n que usted sufri\u00f3, la duraci\u00f3n y tiempo del tratamiento m\u00e9dico que necesita, si sufri\u00f3 una p\u00e9rdida de ingresos porque no pudo trabajar, y el alcance de su dolor y sufrimiento personal.<\/p>\n<h2>\u00bfSe le Puede Indemnizar Si Fue Parcialmente Culpable de su Accidente?<\/h2>\n<p>Otro factor que se considerar\u00e1 es si usted tuvo algo de culpa por el accidente. Texas es un estado de \u201cculpa comparativa modificada\u201d. Si usted tuvo alguna parte de la culpa de su accidente, su indemnizaci\u00f3n se reducir\u00e1 en ese porcentaje. Si una v\u00edctima de accidente lesionada tiene m\u00e1s del cincuenta por ciento de la culpa del accidente, entonces esa v\u00edctima no podr\u00e1 obtener ninguna indemnizaci\u00f3n en el estado de Texas.<\/p>\n<p>Aqu\u00ed hay un ejemplo: digamos que usted va a exceso de velocidad, pero solo va a seis o siete millas por hora arriba del l\u00edmite de velocidad. Cuando pasa por una luz verde, un conductor imprudente y alcoholizado, que va treinta millas por hora arriba del l\u00edmite de velocidad, choca con usted y usted sufre lesiones graves.<\/p>\n<p>Un jurado podr\u00eda concluir que usted no tuvo la culpa del accidente y otorgarle la cantidad total de indemnizaci\u00f3n que solicita. Por otro lado, debido a que usted iba a exceso de velocidad, los miembros del jurado podr\u00edan determinar que usted tiene diez por ciento de la responsabilidad por el accidente. En tal caso, usted podr\u00eda prevalecer con su reclamo por lesiones personales, pero si estaba solicitando $100,000 en da\u00f1os, esa cantidad se reducir\u00e1 en un diez por ciento a $90,000.<\/p>\n<h2>\u00bfPuedo Demandar por Dolor y Sufrimiento Despu\u00e9s de un Accidente Automovil\u00edstico en Texas?<\/h2>\n<p>\u201cPain and suffering\u201d is a term commonly used in personal injury cases. When you\u2019ve been injured in an auto Dolor y Sufrimiento\u201d es un t\u00e9rmino com\u00fanmente utilizado en casos de lesiones personales. Cuando usted ha resultado lesionado en un accidente automovil\u00edstico porque el otro conductor fue negligente, estaba distra\u00eddo, fue imprudente, o estaba intoxicado, usted tiene derecho a una indemnizaci\u00f3n adicional m\u00e1s all\u00e1 de las facturas m\u00e9dicas y los salarios perdidos que puede pueden ser probados con copias de sus facturas y recibos de pago.<\/p>\n<p>Como puede imaginar, es dif\u00edcil determinar el valor econ\u00f3mico del dolor, el sufrimiento, y la angustia emocional. Sin embargo, usted tiene derecho a una indemnizaci\u00f3n por da\u00f1os y perjuicios \u201cno econ\u00f3micos\u201d por su dolor y sufrimiento personal, incluyendo la angustia emocional y psicol\u00f3gica, la p\u00e9rdida del consorcio, o la imposibilidad de seguir disfrutando de la vida debido a una lesi\u00f3n relacionada con un accidente. Necesitar\u00e1 la ayuda de un abogado en accidentes automovil\u00edsticos para que pueda colocar una cantidad razonable en d\u00f3lares en sus da\u00f1os y perjuicios no econ\u00f3micos.<\/p>\n<p>Los jurados que toman estas decisiones tambi\u00e9n tienen la discreci\u00f3n de usar cualquier m\u00e9todo y fijar cualquier cifra que consideren apropiada. Si bien es dif\u00edcil colocar una cifra en d\u00f3lares para el dolor y sufrimiento, un abogado con experiencia buscar\u00e1 que usted reciba la cantidad adecuada.<\/p>\n<h2>\u00bfPuedo Buscar una Indemnizaci\u00f3n Si Mis Lesiones No Aparecieron de Inmediato?<\/h2>\n<p>Si ha estado involucrado en un accidente automovil\u00edstico, es absolutamente imperativo que un profesional m\u00e9dico lo examine de inmediato, incluso si se siente bien y no cree que haya resultado lesionado. La adrenalina del momento puede enmascarar una lesi\u00f3n significativa oculta o latente que puede no emerger por completo hasta d\u00edas despu\u00e9s del accidente.<\/p>\n<p>La hiperextensi\u00f3n cervical, por ejemplo, puede no manifestarse de inmediato. Es posible que no empiece a sentir dolor en el cuello hasta d\u00edas o incluso semanas despu\u00e9s del accidente. Cuando una lesi\u00f3n oculta o latente no es aparente durante d\u00edas o semanas, es probable que la compa\u00f1\u00eda de seguros de autom\u00f3vil del otro conductor afirme que usted result\u00f3 lesionado m\u00e1s tarde y de alguna otra manera \u2013 pero no en el accidente con su asegurado.<\/p>\n<p>El obtener un examen m\u00e9dico inmediatamente despu\u00e9s de un accidente automovil\u00edstico lo protege de ese tipo de acusaciones por parte de una compa\u00f1\u00eda de seguros, crea la documentaci\u00f3n m\u00e9dica que necesitar\u00e1 cuando busque conseguir una indemnizaci\u00f3n y garantiza que no estar\u00e1 caminando \u2013 durante d\u00edas o semanas \u2013 con una herida que no sabe que tiene.<\/p>\n<h2>\u00bfC\u00f3mo le Puede Ayudar el Bufete Jur\u00eddico de Matthew S. Norris?<\/h2>\n<p>When you\u2019ve been injured because another motorist was negligent, you need an aggressive, effective personal injury lawyer who has considerable experience representing injured auto accident victims. For nearly a decadeCuando ha resultado lesionado porque otro automovilista fue negligente, necesita un abogado en lesiones personales que sea agresivo y eficaz y que cuente con experiencia considerable en la representaci\u00f3n de v\u00edctimas lesionadas en accidentes automovil\u00edsticos. Durante casi una d\u00e9cada, el abogado en lesiones personales, Matthew S. Norris, ha estado asesorando y representando a las v\u00edctimas de negligencia y luchando por sus derechos.<\/p>\n<p>En el Bufete Jur\u00eddico de Matthew S. Norris, su caso es una prioridad y su reclamo ser\u00e1 manejado con la mayor profesionalidad y atenci\u00f3n personal posibles. No hay ning\u00fan cargo por una consulta, y si no conseguimos una indemnizaci\u00f3n para usted, no tendr\u00e1 que pagar honorarios de abogado. El abogado Matthew S. Norris negociar\u00e1 con la compa\u00f1\u00eda de seguros del conductor responsable \u2013 y, si es necesario, llevar\u00e1 a esa compa\u00f1\u00eda a los tribunales \u2013 para que usted pueda concentrarse por completo en recuperar su salud y volver a su rutina diaria.<\/p>\n<h2>\u00bfCu\u00e1nto Tiempo Tiene Para Emprender Acciones Legales?<\/h2>\n<p>En el estado de Texas, solo tiene dos a\u00f1os a partir de la fecha en que se lesion\u00f3 para presentar su demanda. El contratar a un abogado para que comience a trabajar de inmediato en su caso es beneficioso para que pueda obtener una recuperaci\u00f3n justa. La evidencia se deteriora con el tiempo \u2013 o desaparece \u2013 y los recuerdos de los testigos se desvanecen, por lo que mientras pronto presente su reclamo por lesiones personales, m\u00e1s probable ser\u00e1 que su reclamo prevalezca.<\/p>\n<p>Si tiene alguna pregunta sobre c\u00f3mo presentar un reclamo por accidente automovil\u00edstico en Texas, o si desea comenzar el proceso de lesiones personales o buscar una compensaci\u00f3n por sus da\u00f1os, llame al Bufete Jur\u00eddico de Matthew S. Norris al 210-549-7633 para programar una consulta gratuita. Si todav\u00eda est\u00e1 en el hospital o no puede viajar por alg\u00fan otro motivo, nosotros acudiremos a usted y lo ayudaremos a luchar por la indemnizaci\u00f3n que necesita.<\/p>\n","protected":false},"excerpt":{"rendered":"<p>Abogado en Accidentes Automovil\u00edsticos de San Antonio Ayudando a las V\u00edctimas de Accidentes Automovil\u00edsticos a Conseguir Indemnizaci\u00f3n por sus Lesiones Los accidentes automovil\u00edsticos ocurren por una variedad de razones, desde lapsos moment\u00e1neos de atenci\u00f3n hasta la imprudencia y la intoxicaci\u00f3n con sustancias. Si ha resultado lesionado en un accidente automovil\u00edstico y cree que el otro [&hellip;]<\/p>\n","protected":false},"author":1,"featured_media":0,"parent":0,"menu_order":0,"comment_status":"closed","ping_status":"closed","template":"","meta":{"_genesis_hide_title":false,"_genesis_hide_breadcrumbs":false,"_genesis_hide_singular_image":false,"_genesis_hide_footer_widgets":false,"_genesis_custom_body_class":"","_genesis_custom_post_class":"","_genesis_layout":"","footnotes":""},"class_list":{"0":"post-735","1":"page","2":"type-page","3":"status-publish","5":"entry"},"yoast_head":"<!-- This site is optimized with the Yoast SEO plugin v27.2 - https:\/\/yoast.com\/product\/yoast-seo-wordpress\/ -->\n<title>Abogado en Accidentes Automovil\u00edsticos de San Antonio | Texas | Bufete Jur\u00eddico de Matthew S. Norris<\/title>\n<meta name=\"description\" content=\"\u00bfHa sido lesionado en un accidente automovil\u00edstico causado por otra persona? Deje que el abogado en lesiones personales de San Antonio, Matthew S. Norris, maneje su reclamo por lesiones.\" \/>\n<meta name=\"robots\" content=\"index, follow, max-snippet:-1, max-image-preview:large, max-video-preview:-1\" \/>\n<link rel=\"canonical\" href=\"https:\/\/matthewnorrislaw.com\/es\/auto-accident\/\" \/>\n<meta property=\"og:locale\" content=\"es_ES\" \/>\n<meta property=\"og:type\" content=\"article\" \/>\n<meta property=\"og:title\" content=\"Abogado en Accidentes Automovil\u00edsticos de San Antonio | Texas | Bufete Jur\u00eddico de Matthew S. Norris\" \/>\n<meta property=\"og:description\" content=\"\u00bfHa sido lesionado en un accidente automovil\u00edstico causado por otra persona? Deje que el abogado en lesiones personales de San Antonio, Matthew S. Norris, maneje su reclamo por lesiones.\" \/>\n<meta property=\"og:url\" content=\"https:\/\/matthewnorrislaw.com\/es\/auto-accident\/\" \/>\n<meta property=\"og:site_name\" content=\"Matthew Norris Law\" \/>\n<meta property=\"article:modified_time\" content=\"2021-02-15T18:36:09+00:00\" \/>\n<meta name=\"twitter:card\" content=\"summary_large_image\" \/>\n<meta name=\"twitter:label1\" content=\"Tiempo de lectura\" \/>\n\t<meta name=\"twitter:data1\" content=\"10 minutos\" \/>\n<script type=\"application\/ld+json\" class=\"yoast-schema-graph\">{\"@context\":\"https:\/\/schema.org\",\"@graph\":[{\"@type\":\"WebPage\",\"@id\":\"https:\/\/matthewnorrislaw.com\/es\/auto-accident\/\",\"url\":\"https:\/\/matthewnorrislaw.com\/es\/auto-accident\/\",\"name\":\"Abogado en Accidentes Automovil\u00edsticos de San Antonio | Texas | Bufete Jur\u00eddico de Matthew S. Norris\",\"isPartOf\":{\"@id\":\"https:\/\/matthewnorrislaw.com\/#website\"},\"datePublished\":\"2021-02-15T18:34:28+00:00\",\"dateModified\":\"2021-02-15T18:36:09+00:00\",\"description\":\"\u00bfHa sido lesionado en un accidente automovil\u00edstico causado por otra persona? Deje que el abogado en lesiones personales de San Antonio, Matthew S. Norris, maneje su reclamo por lesiones.\",\"breadcrumb\":{\"@id\":\"https:\/\/matthewnorrislaw.com\/es\/auto-accident\/#breadcrumb\"},\"inLanguage\":\"es\",\"potentialAction\":[{\"@type\":\"ReadAction\",\"target\":[\"https:\/\/matthewnorrislaw.com\/es\/auto-accident\/\"]}]},{\"@type\":\"BreadcrumbList\",\"@id\":\"https:\/\/matthewnorrislaw.com\/es\/auto-accident\/#breadcrumb\",\"itemListElement\":[{\"@type\":\"ListItem\",\"position\":1,\"name\":\"Home\",\"item\":\"https:\/\/matthewnorrislaw.com\/es\/\"},{\"@type\":\"ListItem\",\"position\":2,\"name\":\"Accidentes Automovil\u00edsticos\"}]},{\"@type\":\"WebSite\",\"@id\":\"https:\/\/matthewnorrislaw.com\/#website\",\"url\":\"https:\/\/matthewnorrislaw.com\/\",\"name\":\"Matthew Norris Law\",\"description\":\"\",\"potentialAction\":[{\"@type\":\"SearchAction\",\"target\":{\"@type\":\"EntryPoint\",\"urlTemplate\":\"https:\/\/matthewnorrislaw.com\/?s={search_term_string}\"},\"query-input\":{\"@type\":\"PropertyValueSpecification\",\"valueRequired\":true,\"valueName\":\"search_term_string\"}}],\"inLanguage\":\"es\"}]}<\/script>\n<!-- \/ Yoast SEO plugin. -->","yoast_head_json":{"title":"Abogado en Accidentes Automovil\u00edsticos de San Antonio | Texas | Bufete Jur\u00eddico de Matthew S. Norris","description":"\u00bfHa sido lesionado en un accidente automovil\u00edstico causado por otra persona? Deje que el abogado en lesiones personales de San Antonio, Matthew S. Norris, maneje su reclamo por lesiones.","robots":{"index":"index","follow":"follow","max-snippet":"max-snippet:-1","max-image-preview":"max-image-preview:large","max-video-preview":"max-video-preview:-1"},"canonical":"https:\/\/matthewnorrislaw.com\/es\/auto-accident\/","og_locale":"es_ES","og_type":"article","og_title":"Abogado en Accidentes Automovil\u00edsticos de San Antonio | Texas | Bufete Jur\u00eddico de Matthew S. Norris","og_description":"\u00bfHa sido lesionado en un accidente automovil\u00edstico causado por otra persona? Deje que el abogado en lesiones personales de San Antonio, Matthew S. Norris, maneje su reclamo por lesiones.","og_url":"https:\/\/matthewnorrislaw.com\/es\/auto-accident\/","og_site_name":"Matthew Norris Law","article_modified_time":"2021-02-15T18:36:09+00:00","twitter_card":"summary_large_image","twitter_misc":{"Tiempo de lectura":"10 minutos"},"schema":{"@context":"https:\/\/schema.org","@graph":[{"@type":"WebPage","@id":"https:\/\/matthewnorrislaw.com\/es\/auto-accident\/","url":"https:\/\/matthewnorrislaw.com\/es\/auto-accident\/","name":"Abogado en Accidentes Automovil\u00edsticos de San Antonio | Texas | Bufete Jur\u00eddico de Matthew S. Norris","isPartOf":{"@id":"https:\/\/matthewnorrislaw.com\/#website"},"datePublished":"2021-02-15T18:34:28+00:00","dateModified":"2021-02-15T18:36:09+00:00","description":"\u00bfHa sido lesionado en un accidente automovil\u00edstico causado por otra persona? Deje que el abogado en lesiones personales de San Antonio, Matthew S. Norris, maneje su reclamo por lesiones.","breadcrumb":{"@id":"https:\/\/matthewnorrislaw.com\/es\/auto-accident\/#breadcrumb"},"inLanguage":"es","potentialAction":[{"@type":"ReadAction","target":["https:\/\/matthewnorrislaw.com\/es\/auto-accident\/"]}]},{"@type":"BreadcrumbList","@id":"https:\/\/matthewnorrislaw.com\/es\/auto-accident\/#breadcrumb","itemListElement":[{"@type":"ListItem","position":1,"name":"Home","item":"https:\/\/matthewnorrislaw.com\/es\/"},{"@type":"ListItem","position":2,"name":"Accidentes Automovil\u00edsticos"}]},{"@type":"WebSite","@id":"https:\/\/matthewnorrislaw.com\/#website","url":"https:\/\/matthewnorrislaw.com\/","name":"Matthew Norris Law","description":"","potentialAction":[{"@type":"SearchAction","target":{"@type":"EntryPoint","urlTemplate":"https:\/\/matthewnorrislaw.com\/?s={search_term_string}"},"query-input":{"@type":"PropertyValueSpecification","valueRequired":true,"valueName":"search_term_string"}}],"inLanguage":"es"}]}},"_links":{"self":[{"href":"https:\/\/matthewnorrislaw.com\/es\/wp-json\/wp\/v2\/pages\/735","targetHints":{"allow":["GET"]}}],"collection":[{"href":"https:\/\/matthewnorrislaw.com\/es\/wp-json\/wp\/v2\/pages"}],"about":[{"href":"https:\/\/matthewnorrislaw.com\/es\/wp-json\/wp\/v2\/types\/page"}],"author":[{"embeddable":true,"href":"https:\/\/matthewnorrislaw.com\/es\/wp-json\/wp\/v2\/users\/1"}],"replies":[{"embeddable":true,"href":"https:\/\/matthewnorrislaw.com\/es\/wp-json\/wp\/v2\/comments?post=735"}],"version-history":[{"count":0,"href":"https:\/\/matthewnorrislaw.com\/es\/wp-json\/wp\/v2\/pages\/735\/revisions"}],"wp:attachment":[{"href":"https:\/\/matthewnorrislaw.com\/es\/wp-json\/wp\/v2\/media?parent=735"}],"curies":[{"name":"wp","href":"https:\/\/api.w.org\/{rel}","templated":true}]}}