{"id":739,"date":"2021-02-15T18:37:08","date_gmt":"2021-02-15T18:37:08","guid":{"rendered":"http:\/\/matthewnorrislaw.com\/?page_id=739"},"modified":"2021-02-15T18:39:50","modified_gmt":"2021-02-15T18:39:50","slug":"brain-injuries","status":"publish","type":"page","link":"https:\/\/matthewnorrislaw.com\/es\/brain-injuries\/","title":{"rendered":"Lesiones Cerebrales"},"content":{"rendered":"<h1>Abogado en Lesiones Cerebrales de San Antonio Ayudando a las Familias y V\u00edctimas de LCT a Obtener la Indemnizaci\u00f3n M\u00e1xima<\/h1>\n<div class=\"Inner-Video\"><iframe loading=\"lazy\" width=\"560\" height=\"315\" src=\"https:\/\/www.youtube.com\/embed\/xjRw4ZUXrOw\" frameborder=\"0\" allow=\"accelerometer; autoplay; clipboard-write; encrypted-media; gyroscope; picture-in-picture\" allowfullscreen><\/iframe><\/div>\n<p>En el \u00e1rea metropolitana de San Antonio, el Bufete Jur\u00eddico de Matthew S. Norris brinda representaci\u00f3n legal integral a las v\u00edctimas de lesiones cerebrales traum\u00e1ticas (LCT) que son el resultado de eventos catastr\u00f3ficos como accidentes automovil\u00edsticos, accidentes de camiones, o resbalones y ca\u00eddas graves. Las lesiones cerebrales traum\u00e1ticas pueden ser dif\u00edciles de diagnosticar. Las LCT tambi\u00e9n pueden plantear desaf\u00edos importantes en la vida de la v\u00edctima.<\/p>\n<p>Si una lesi\u00f3n cerebral traum\u00e1tica ha sido causada por el comportamiento negligente o imprudente de otra persona, entonces debe hablar lo antes posible con un abogado en lesiones cerebrales de San Antonio que pueda conseguirle la indemnizaci\u00f3n que necesitar\u00e1 para su atenci\u00f3n m\u00e9dica a largo plazo (y posiblemente de por vida).<\/p>\n<h2>\u00bfPuedo Demandar por una Lesi\u00f3n Cerebral Traum\u00e1tica en Texas?<\/h2>\n<p>En el estado de Texas, si usted sufre una lesi\u00f3n cerebral como resultado de la negligencia de otra persona, usted tiene motivos legales para presentar una demanda por lesiones personales. Si elige emprender acciones legales con la ayuda de un abogado en accidentes, entonces usted y su abogado deber\u00e1n demostrar, hasta su forma m\u00e1s b\u00e1sica, que (1) la parte negligente ten\u00eda un \u201cdeber de diligencia\u201d para con usted, (2) el deber de diligencia fue violado por la negligencia que llev\u00f3 a un accidente, y (3) que el accidente y la lesi\u00f3n cerebral fueron el resultado directo de la negligencia de la otra persona.<\/p>\n<p>En su esfuerzo por reducir el monto del pago o por rechazar su reclamo por completo, la compa\u00f1\u00eda de seguros de la parte negligente puede alegar que usted fue parcial o totalmente responsable de su lesi\u00f3n, que result\u00f3 lesionado en otro momento y lugar, o que su lesi\u00f3n no fue de gravedad.<\/p>\n<p>Es por eso que necesita ser representado por el Bufete Jur\u00eddico de Matthew S. Norris. \u00c9l examinar\u00e1 la evidencia, interrogar\u00e1 a los testigos y se asegurar\u00e1 de que la culpabilidad se asigne con precisi\u00f3n. Inmediatamente despu\u00e9s de haber estado en una situaci\u00f3n de accidente, obtenga un examen m\u00e9dico completo, porque si ha sufrido una lesi\u00f3n cerebral, debe saberlo de inmediato y recibir la atenci\u00f3n m\u00e9dica adecuada.<\/p>\n<h2>\u00bfQu\u00e9 Pasa Si No Se Le Diagnostic\u00f3 de Inmediato?<\/h2>\n<p>No es raro que las v\u00edctimas de accidentes vayan a una sala de emergencias y sean enviadas a casa sin un diagn\u00f3stico por LCT, solo para comenzar a sentir s\u00edntomas d\u00edas o incluso varias semanas despu\u00e9s. Los s\u00edntomas como mareos y dolores de cabeza no siempre son indicios de una lesi\u00f3n cerebral traum\u00e1tica, pero si experimenta p\u00e9rdida de memoria o p\u00e9rdida del conocimiento, comun\u00edquese con un especialista en neurolog\u00eda y obtenga un diagn\u00f3stico adecuado lo antes posible.<\/p>\n<p>Una lesi\u00f3n cerebral traum\u00e1tica puede afectar las emociones, los procesos de pensamiento y la capacidad de usar el lenguaje de la v\u00edctima de la lesi\u00f3n. Las lesiones cerebrales traum\u00e1ticas pueden desencadenar epilepsia y aumentar el riesgo de Parkinson, Alzheimer, y otros trastornos neurol\u00f3gicos. El efecto de la lesi\u00f3n cerebral traum\u00e1tica de un ser querido puede ser abrumador para la familia de la v\u00edctima. La investigaci\u00f3n y testimonios han demostrado que incluso una lesi\u00f3n cerebral traum\u00e1tica leve puede causar dificultades de por vida para los pacientes con LCT y sus seres queridos.<\/p>\n<h2>\u00bfQu\u00e9 Puede Hacer un Abogado de Lesiones Cerebrales por Usted?<\/h2>\n<p>Incluso si no fue diagnosticado de inmediato con una lesi\u00f3n cerebral traum\u00e1tica, el consultar con un especialista y documentar su lesi\u00f3n lo m\u00e1s r\u00e1pido posible es esencial para construir su caso legal. Su abogado hablar\u00e1 con su m\u00e9dico para determinar cu\u00e1nta indemnizaci\u00f3n necesitar\u00e1 para su atenci\u00f3n m\u00e9dica futura. Tambi\u00e9n puede ser compensado por sus salarios perdidos y ganancias perdidas futuras proyectadas, su dolor y sufrimiento personal, y otros da\u00f1os relacionados con LCT.<\/p>\n<p>Su abogado puede pedirle a una autoridad en lesiones cerebrales y\/o un experto en reconstrucci\u00f3n de accidentes que testifique u ofrezca una declaraci\u00f3n jurada en apoyo de su reclamo por lesiones. Cuando su caso es manejado por el abogado en lesiones cerebrales de San Antonio, Matthew S. Norris, usted puede concentrarse en su tratamiento m\u00e9dico y recuperaci\u00f3n mientras nuestro equipo legal determina qu\u00e9 parte tiene la responsabilidad, desarrolla una estrategia legal efectiva y negocia con la compa\u00f1\u00eda de seguros en su nombre.<\/p>\n<h2>No Paga Honorarios de Abogado Hasta, Y A Menos, que Consigamos su Indemnizaci\u00f3n<\/h2>\n<p>La mayor\u00eda de los reclamos por lesiones cerebrales traum\u00e1ticas se resuelven fuera de los tribunales, pero si no se hace una oferta de acuerdo razonable, el abogado Matthew S. Norris llevar\u00e1 su caso ante un jurado y les explicar\u00e1 a los miembros del jurado porque deben ordenar el pago de su indemnizaci\u00f3n. El sr. Norris es un h\u00e1bil negociador y un destacado abogado litigante que ha forjado una reputaci\u00f3n de excelencia legal en el \u00e1rea de San Antonio.<\/p>\n<p>El Bufete Jur\u00eddico de Matthew S. Norris ha ayudado con \u00e9xito a decenas de pacientes con lesiones cerebrales traum\u00e1ticas a recibir la indemnizaci\u00f3n \u2013 y la justicia \u2013 que necesitan y merecen. Si usted o un ser querido han sufrido una lesi\u00f3n cerebral traum\u00e1tica porque otra persona fue negligente, comun\u00edquese con nuestra oficina de San Antonio al 210-549-7633 para programar su primera consulta legal \u2013 sin cargos ni obligaciones. No pagar\u00e1 honorarios de abogado hasta, y a menos, que obtengamos una indemnizaci\u00f3n en su nombr<\/p>\n","protected":false},"excerpt":{"rendered":"<p>Abogado en Lesiones Cerebrales de San Antonio Ayudando a las Familias y V\u00edctimas de LCT a Obtener la Indemnizaci\u00f3n M\u00e1xima En el \u00e1rea metropolitana de San Antonio, el Bufete Jur\u00eddico de Matthew S. Norris brinda representaci\u00f3n legal integral a las v\u00edctimas de lesiones cerebrales traum\u00e1ticas (LCT) que son el resultado de eventos catastr\u00f3ficos como accidentes [&hellip;]<\/p>\n","protected":false},"author":1,"featured_media":0,"parent":0,"menu_order":0,"comment_status":"closed","ping_status":"closed","template":"","meta":{"_genesis_hide_title":false,"_genesis_hide_breadcrumbs":false,"_genesis_hide_singular_image":false,"_genesis_hide_footer_widgets":false,"_genesis_custom_body_class":"","_genesis_custom_post_class":"","_genesis_layout":"","footnotes":""},"class_list":{"0":"post-739","1":"page","2":"type-page","3":"status-publish","5":"entry"},"yoast_head":"<!-- This site is optimized with the Yoast SEO plugin v27.2 - https:\/\/yoast.com\/product\/yoast-seo-wordpress\/ -->\n<title>Abogado en Lesiones Cerebrales de San Antonio | Texas | Bufete Jur\u00eddico de Matthew S. Norris<\/title>\n<meta name=\"description\" content=\"Si usted o un ser querido sufren una lesi\u00f3n cerebral traum\u00e1tica porque otra persona fue negligente, comun\u00edquese con el abogado en lesiones cerebrales de San Antonio, Matthew S. Norris.\" \/>\n<meta name=\"robots\" content=\"index, follow, max-snippet:-1, max-image-preview:large, max-video-preview:-1\" \/>\n<link rel=\"canonical\" href=\"https:\/\/matthewnorrislaw.com\/es\/brain-injuries\/\" \/>\n<meta property=\"og:locale\" content=\"es_ES\" \/>\n<meta property=\"og:type\" content=\"article\" \/>\n<meta property=\"og:title\" content=\"Abogado en Lesiones Cerebrales de San Antonio | Texas | Bufete Jur\u00eddico de Matthew S. Norris\" \/>\n<meta property=\"og:description\" content=\"Si usted o un ser querido sufren una lesi\u00f3n cerebral traum\u00e1tica porque otra persona fue negligente, comun\u00edquese con el abogado en lesiones cerebrales de San Antonio, Matthew S. Norris.\" \/>\n<meta property=\"og:url\" content=\"https:\/\/matthewnorrislaw.com\/es\/brain-injuries\/\" \/>\n<meta property=\"og:site_name\" content=\"Matthew Norris Law\" \/>\n<meta property=\"article:modified_time\" content=\"2021-02-15T18:39:50+00:00\" \/>\n<meta name=\"twitter:card\" content=\"summary_large_image\" \/>\n<meta name=\"twitter:label1\" content=\"Tiempo de lectura\" \/>\n\t<meta name=\"twitter:data1\" content=\"5 minutos\" \/>\n<script type=\"application\/ld+json\" class=\"yoast-schema-graph\">{\"@context\":\"https:\/\/schema.org\",\"@graph\":[{\"@type\":\"WebPage\",\"@id\":\"https:\/\/matthewnorrislaw.com\/es\/brain-injuries\/\",\"url\":\"https:\/\/matthewnorrislaw.com\/es\/brain-injuries\/\",\"name\":\"Abogado en Lesiones Cerebrales de San Antonio | Texas | Bufete Jur\u00eddico de Matthew S. Norris\",\"isPartOf\":{\"@id\":\"https:\/\/matthewnorrislaw.com\/#website\"},\"datePublished\":\"2021-02-15T18:37:08+00:00\",\"dateModified\":\"2021-02-15T18:39:50+00:00\",\"description\":\"Si usted o un ser querido sufren una lesi\u00f3n cerebral traum\u00e1tica porque otra persona fue negligente, comun\u00edquese con el abogado en lesiones cerebrales de San Antonio, Matthew S. Norris.\",\"breadcrumb\":{\"@id\":\"https:\/\/matthewnorrislaw.com\/es\/brain-injuries\/#breadcrumb\"},\"inLanguage\":\"es\",\"potentialAction\":[{\"@type\":\"ReadAction\",\"target\":[\"https:\/\/matthewnorrislaw.com\/es\/brain-injuries\/\"]}]},{\"@type\":\"BreadcrumbList\",\"@id\":\"https:\/\/matthewnorrislaw.com\/es\/brain-injuries\/#breadcrumb\",\"itemListElement\":[{\"@type\":\"ListItem\",\"position\":1,\"name\":\"Home\",\"item\":\"https:\/\/matthewnorrislaw.com\/es\/\"},{\"@type\":\"ListItem\",\"position\":2,\"name\":\"Lesiones Cerebrales\"}]},{\"@type\":\"WebSite\",\"@id\":\"https:\/\/matthewnorrislaw.com\/#website\",\"url\":\"https:\/\/matthewnorrislaw.com\/\",\"name\":\"Matthew Norris Law\",\"description\":\"\",\"potentialAction\":[{\"@type\":\"SearchAction\",\"target\":{\"@type\":\"EntryPoint\",\"urlTemplate\":\"https:\/\/matthewnorrislaw.com\/?s={search_term_string}\"},\"query-input\":{\"@type\":\"PropertyValueSpecification\",\"valueRequired\":true,\"valueName\":\"search_term_string\"}}],\"inLanguage\":\"es\"}]}<\/script>\n<!-- \/ Yoast SEO plugin. -->","yoast_head_json":{"title":"Abogado en Lesiones Cerebrales de San Antonio | Texas | Bufete Jur\u00eddico de Matthew S. Norris","description":"Si usted o un ser querido sufren una lesi\u00f3n cerebral traum\u00e1tica porque otra persona fue negligente, comun\u00edquese con el abogado en lesiones cerebrales de San Antonio, Matthew S. Norris.","robots":{"index":"index","follow":"follow","max-snippet":"max-snippet:-1","max-image-preview":"max-image-preview:large","max-video-preview":"max-video-preview:-1"},"canonical":"https:\/\/matthewnorrislaw.com\/es\/brain-injuries\/","og_locale":"es_ES","og_type":"article","og_title":"Abogado en Lesiones Cerebrales de San Antonio | Texas | Bufete Jur\u00eddico de Matthew S. Norris","og_description":"Si usted o un ser querido sufren una lesi\u00f3n cerebral traum\u00e1tica porque otra persona fue negligente, comun\u00edquese con el abogado en lesiones cerebrales de San Antonio, Matthew S. Norris.","og_url":"https:\/\/matthewnorrislaw.com\/es\/brain-injuries\/","og_site_name":"Matthew Norris Law","article_modified_time":"2021-02-15T18:39:50+00:00","twitter_card":"summary_large_image","twitter_misc":{"Tiempo de lectura":"5 minutos"},"schema":{"@context":"https:\/\/schema.org","@graph":[{"@type":"WebPage","@id":"https:\/\/matthewnorrislaw.com\/es\/brain-injuries\/","url":"https:\/\/matthewnorrislaw.com\/es\/brain-injuries\/","name":"Abogado en Lesiones Cerebrales de San Antonio | Texas | Bufete Jur\u00eddico de Matthew S. Norris","isPartOf":{"@id":"https:\/\/matthewnorrislaw.com\/#website"},"datePublished":"2021-02-15T18:37:08+00:00","dateModified":"2021-02-15T18:39:50+00:00","description":"Si usted o un ser querido sufren una lesi\u00f3n cerebral traum\u00e1tica porque otra persona fue negligente, comun\u00edquese con el abogado en lesiones cerebrales de San Antonio, Matthew S. Norris.","breadcrumb":{"@id":"https:\/\/matthewnorrislaw.com\/es\/brain-injuries\/#breadcrumb"},"inLanguage":"es","potentialAction":[{"@type":"ReadAction","target":["https:\/\/matthewnorrislaw.com\/es\/brain-injuries\/"]}]},{"@type":"BreadcrumbList","@id":"https:\/\/matthewnorrislaw.com\/es\/brain-injuries\/#breadcrumb","itemListElement":[{"@type":"ListItem","position":1,"name":"Home","item":"https:\/\/matthewnorrislaw.com\/es\/"},{"@type":"ListItem","position":2,"name":"Lesiones Cerebrales"}]},{"@type":"WebSite","@id":"https:\/\/matthewnorrislaw.com\/#website","url":"https:\/\/matthewnorrislaw.com\/","name":"Matthew Norris Law","description":"","potentialAction":[{"@type":"SearchAction","target":{"@type":"EntryPoint","urlTemplate":"https:\/\/matthewnorrislaw.com\/?s={search_term_string}"},"query-input":{"@type":"PropertyValueSpecification","valueRequired":true,"valueName":"search_term_string"}}],"inLanguage":"es"}]}},"_links":{"self":[{"href":"https:\/\/matthewnorrislaw.com\/es\/wp-json\/wp\/v2\/pages\/739","targetHints":{"allow":["GET"]}}],"collection":[{"href":"https:\/\/matthewnorrislaw.com\/es\/wp-json\/wp\/v2\/pages"}],"about":[{"href":"https:\/\/matthewnorrislaw.com\/es\/wp-json\/wp\/v2\/types\/page"}],"author":[{"embeddable":true,"href":"https:\/\/matthewnorrislaw.com\/es\/wp-json\/wp\/v2\/users\/1"}],"replies":[{"embeddable":true,"href":"https:\/\/matthewnorrislaw.com\/es\/wp-json\/wp\/v2\/comments?post=739"}],"version-history":[{"count":0,"href":"https:\/\/matthewnorrislaw.com\/es\/wp-json\/wp\/v2\/pages\/739\/revisions"}],"wp:attachment":[{"href":"https:\/\/matthewnorrislaw.com\/es\/wp-json\/wp\/v2\/media?parent=739"}],"curies":[{"name":"wp","href":"https:\/\/api.w.org\/{rel}","templated":true}]}}