{"id":744,"date":"2021-02-15T18:40:38","date_gmt":"2021-02-15T18:40:38","guid":{"rendered":"http:\/\/matthewnorrislaw.com\/?page_id=744"},"modified":"2021-02-15T18:44:36","modified_gmt":"2021-02-15T18:44:36","slug":"oilfield-accidents","status":"publish","type":"page","link":"https:\/\/matthewnorrislaw.com\/es\/oilfield-accidents\/","title":{"rendered":"Accidentes de Campos Petroleros"},"content":{"rendered":"<h1>Abogado en Lesiones de Campos Petroleros de San Antonio Luchando por los Derechos de los Trabajadores de Campos Petroleros Lesionados<\/h1>\n<div class=\"Inner-Video\"><iframe loading=\"lazy\" src=\"https:\/\/www.youtube.com\/embed\/xjRw4ZUXrOw\" width=\"560\" height=\"315\" frameborder=\"0\" allowfullscreen=\"allowfullscreen\"><\/iframe><\/div>\n<p>Los trabajadores de campos petroleros en Texas tienen una de las ocupaciones m\u00e1s peligrosas del mundo. Todos los d\u00edas que est\u00e1n trabajando, estos hombres y mujeres corren el riesgo de sufrir lesiones catastr\u00f3ficas o de morir. Si usted es un trabajador de un campo petrolero, entonces sabe que hay muchas formas de lesionarse en el trabajo. Los incendios, explosiones, fallas de equipos, y las colisiones de camiones, por ejemplo, ocurren con demasiada frecuencia.<\/p>\n<p>El trabajo en campos petroleros requiere el uso de una variedad de materiales y equipos peligrosos. La mayor\u00eda de los accidentes en estos lugares se pueden prevenir y ocurren solo cuando un empleador, un compa\u00f1ero de trabajo, o un tercero son negligentes. Con demasiada frecuencia, en los campos petroleros de Texas, la seguridad de los trabajadores puede no ser la principal prioridad de los empleadores.<\/p>\n<p>Si ha resultado lesionado en un accidente en un campo petrolero, llame al Bufete Jur\u00eddico de Matthew S. Norris de inmediato para obtener m\u00e1s informaci\u00f3n sobre sus derechos y opciones legales. El abogado Matthew S. Norris trabaja con v\u00edctimas de accidentes en campos petroleros y sus familias para conseguir una indemnizaci\u00f3n por gastos m\u00e9dicos, salarios perdidos, y p\u00e9rdidas y da\u00f1os relacionados.<\/p>\n<h2>\u00bfQu\u00e9 Pasos Debe Tomar Despu\u00e9s de un Accidente en un Campo Petrolero?<\/h2>\n<p>Si result\u00f3 lesionado en un accidente en un campo petrolero, busque atenci\u00f3n m\u00e9dica lo antes posible, incluso si no se siente lesionado. Si no se realiza un examen m\u00e9dico de inmediato, una lesi\u00f3n latente o dif\u00edcil de detectar podr\u00eda, despu\u00e9s de varios d\u00edas o incluso m\u00e1s, emerger como una condici\u00f3n m\u00e9dica grave. Adem\u00e1s, sin la documentaci\u00f3n m\u00e9dica completa, es posible que no pueda probar c\u00f3mo se lesion\u00f3 \u2013 lo que significa que es posible que no reciba su indemnizaci\u00f3n.<\/p>\n<p>Debe informar a su empleador de cualquier accidente y lesi\u00f3n en un campo petrolero lo antes posible. Muchos empleadores de Texas, pero no todos, tienen un seguro de compensaci\u00f3n para trabajadores, y usted deber\u00eda calificar para esta compensaci\u00f3n si se lesion\u00f3 en el trabajo y su empleador brinda esta cobertura.<\/p>\n<h2>\u00bfQu\u00e9 Puede Hacer el Abogado Matthew S. Norris en su Nombre?<\/h2>\n<p>San El abogado en accidentes de campos petroleros de San Antonio, Matthew S. Norris, puede revisar o ayudarlo a completar su solicitud de beneficios de compensaci\u00f3n para trabajadores, asegurarse de que usted obtenga la atenci\u00f3n m\u00e9dica adecuada, y presentar una apelaci\u00f3n si su solicitud de compensaci\u00f3n es rechazada. Si su empleador no ofrece seguro de compensaci\u00f3n para trabajadores, entonces usted puede calificar para emprender acciones legales con un reclamo por lesiones personales.<\/p>\n<p>Ning\u00fan abogado estar\u00e1 en la escena de un accidente en un campo petrolero para ofrecer asesoramiento legal, as\u00ed que, si no est\u00e1 incapacitado, tome fotograf\u00edas, obtenga los nombres de los testigos, e intente determinar si hay alg\u00fan video del incidente. Un abogado en accidentes de campos petroleros necesitar\u00e1 esa evidencia y tambi\u00e9n examinar\u00e1 documentos como registros de mantenimiento de equipos e informes de accidentes anteriores.<\/p>\n<h2>\u00bfPor Qu\u00e9 es Tan Imperativa la Ayuda de un Abogado en Accidentes de Campos Petroleros?<\/h2>\n<p>A menos que un abogado en lesiones personales de Texas est\u00e9 protegiendo sus derechos despu\u00e9s de haber sido lesionado en un accidente en un campo petrolero, su empleador y la compa\u00f1\u00eda de seguros y abogados de su empleador pueden:<\/p>\n<ol>\n<li>Negarle cualquier responsabilidad por el accidente \u2013 o echarle la culpa a usted<\/li>\n<li>Despedirlo como empleado a la primera oportunidad legal<\/li>\n<li>Obligarlo a que sea atendido por los proveedores de atenci\u00f3n m\u00e9dica que ellos elijan<\/li>\n<li>Perder evidencia que demuestre que su reclamo por lesiones es verdadero<\/li>\n<li>Hacer lo que sea necesario para evitar indemnizarlo<\/li>\n<\/ol>\n<h2>\u00bfBajo Qu\u00e9 Condiciones Puede Demandar A Un Empleador?<\/h2>\n<p>Muy pocos accidentes en campos petroleros conducen a demandas por lesiones personales. La mayor\u00eda de los empleadores de Texas tiene seguro de compensaci\u00f3n para trabajadores, que en la mayor\u00eda de los casos protege a los empleadores contra reclamos por lesiones personales. Sin embargo, si su propio empleador no tiene seguro de compensaci\u00f3n para trabajadores, o si su empleador es culpable de negligencia grave o intencional, la cual contribuy\u00f3 a un accidente de campo petrolero, o si un tercero es responsable, es posible que usted puede buscar conseguir una indemnizaci\u00f3n con un reclamo por lesiones personales.<\/p>\n<p>Cuando es representado por el abogado en accidentes de campos petroleros de San Antonio, Matthew S. Norris, este agotar\u00e1 todas las v\u00edas en su esfuerzo por resolver su reclamo y conseguir la indemnizaci\u00f3n que usted necesita, merece, y tiene derecho por ley. Cada caso de accidente en campo petrolero es \u00fanico, por lo que no hay forma de estimar cu\u00e1nto tiempo tomar\u00e1 el proceso o cu\u00e1nta indemnizaci\u00f3n puede recibir hasta que un abogado haya revisado su caso.<\/p>\n<p>El Bufete Jur\u00eddico de Matthew S. Norris llevar\u00e1 a cabo una investigaci\u00f3n completa de su accidente y lesi\u00f3n en un campo petrolero con el fin de presentar el reclamo de indemnizaci\u00f3n m\u00e1s s\u00f3lido posible. Su primera consulta legal se proporciona sin costo ni obligaci\u00f3n, y no tendr\u00e1 que pagar honorarios de abogado hasta que reciba su indemnizaci\u00f3n. Para obtener m\u00e1s informaci\u00f3n o para comenzar el proceso de obtenci\u00f3n de su indemnizaci\u00f3n, comun\u00edquese con el Bufete Jur\u00eddico de Matthew S. Norris en San Antonio al 210-549-7633.<\/p>\n","protected":false},"excerpt":{"rendered":"<p>Abogado en Lesiones de Campos Petroleros de San Antonio Luchando por los Derechos de los Trabajadores de Campos Petroleros Lesionados Los trabajadores de campos petroleros en Texas tienen una de las ocupaciones m\u00e1s peligrosas del mundo. Todos los d\u00edas que est\u00e1n trabajando, estos hombres y mujeres corren el riesgo de sufrir lesiones catastr\u00f3ficas o de [&hellip;]<\/p>\n","protected":false},"author":1,"featured_media":0,"parent":0,"menu_order":0,"comment_status":"closed","ping_status":"closed","template":"","meta":{"_genesis_hide_title":false,"_genesis_hide_breadcrumbs":false,"_genesis_hide_singular_image":false,"_genesis_hide_footer_widgets":false,"_genesis_custom_body_class":"","_genesis_custom_post_class":"","_genesis_layout":"","footnotes":""},"class_list":{"0":"post-744","1":"page","2":"type-page","3":"status-publish","5":"entry"},"yoast_head":"<!-- This site is optimized with the Yoast SEO plugin v27.2 - https:\/\/yoast.com\/product\/yoast-seo-wordpress\/ -->\n<title>Abogado en Accidentes de Campos Petroleros de San Antonio | Texas | Bufete Jur\u00eddico de Matthew S. Norris<\/title>\n<meta name=\"description\" content=\"\u00bfHa sufrido lesiones en un accidente en un campo petrolero? El abogado en accidentes de campos petroleros de San Antonio, Matthew S. Norris, luchar\u00e1 por la indemnizaci\u00f3n que usted necesita.\" \/>\n<meta name=\"robots\" content=\"index, follow, max-snippet:-1, max-image-preview:large, max-video-preview:-1\" \/>\n<link rel=\"canonical\" href=\"https:\/\/matthewnorrislaw.com\/es\/oilfield-accidents\/\" \/>\n<meta property=\"og:locale\" content=\"es_ES\" \/>\n<meta property=\"og:type\" content=\"article\" \/>\n<meta property=\"og:title\" content=\"Abogado en Accidentes de Campos Petroleros de San Antonio | Texas | Bufete Jur\u00eddico de Matthew S. Norris\" \/>\n<meta property=\"og:description\" content=\"\u00bfHa sufrido lesiones en un accidente en un campo petrolero? El abogado en accidentes de campos petroleros de San Antonio, Matthew S. Norris, luchar\u00e1 por la indemnizaci\u00f3n que usted necesita.\" \/>\n<meta property=\"og:url\" content=\"https:\/\/matthewnorrislaw.com\/es\/oilfield-accidents\/\" \/>\n<meta property=\"og:site_name\" content=\"Matthew Norris Law\" \/>\n<meta property=\"article:modified_time\" content=\"2021-02-15T18:44:36+00:00\" \/>\n<meta name=\"twitter:card\" content=\"summary_large_image\" \/>\n<meta name=\"twitter:label1\" content=\"Tiempo de lectura\" \/>\n\t<meta name=\"twitter:data1\" content=\"5 minutos\" \/>\n<script type=\"application\/ld+json\" class=\"yoast-schema-graph\">{\"@context\":\"https:\/\/schema.org\",\"@graph\":[{\"@type\":\"WebPage\",\"@id\":\"https:\/\/matthewnorrislaw.com\/es\/oilfield-accidents\/\",\"url\":\"https:\/\/matthewnorrislaw.com\/es\/oilfield-accidents\/\",\"name\":\"Abogado en Accidentes de Campos Petroleros de San Antonio | Texas | Bufete Jur\u00eddico de Matthew S. Norris\",\"isPartOf\":{\"@id\":\"https:\/\/matthewnorrislaw.com\/#website\"},\"datePublished\":\"2021-02-15T18:40:38+00:00\",\"dateModified\":\"2021-02-15T18:44:36+00:00\",\"description\":\"\u00bfHa sufrido lesiones en un accidente en un campo petrolero? El abogado en accidentes de campos petroleros de San Antonio, Matthew S. Norris, luchar\u00e1 por la indemnizaci\u00f3n que usted necesita.\",\"breadcrumb\":{\"@id\":\"https:\/\/matthewnorrislaw.com\/es\/oilfield-accidents\/#breadcrumb\"},\"inLanguage\":\"es\",\"potentialAction\":[{\"@type\":\"ReadAction\",\"target\":[\"https:\/\/matthewnorrislaw.com\/es\/oilfield-accidents\/\"]}]},{\"@type\":\"BreadcrumbList\",\"@id\":\"https:\/\/matthewnorrislaw.com\/es\/oilfield-accidents\/#breadcrumb\",\"itemListElement\":[{\"@type\":\"ListItem\",\"position\":1,\"name\":\"Home\",\"item\":\"https:\/\/matthewnorrislaw.com\/es\/\"},{\"@type\":\"ListItem\",\"position\":2,\"name\":\"Accidentes de Campos Petroleros\"}]},{\"@type\":\"WebSite\",\"@id\":\"https:\/\/matthewnorrislaw.com\/#website\",\"url\":\"https:\/\/matthewnorrislaw.com\/\",\"name\":\"Matthew Norris Law\",\"description\":\"\",\"potentialAction\":[{\"@type\":\"SearchAction\",\"target\":{\"@type\":\"EntryPoint\",\"urlTemplate\":\"https:\/\/matthewnorrislaw.com\/?s={search_term_string}\"},\"query-input\":{\"@type\":\"PropertyValueSpecification\",\"valueRequired\":true,\"valueName\":\"search_term_string\"}}],\"inLanguage\":\"es\"}]}<\/script>\n<!-- \/ Yoast SEO plugin. -->","yoast_head_json":{"title":"Abogado en Accidentes de Campos Petroleros de San Antonio | Texas | Bufete Jur\u00eddico de Matthew S. Norris","description":"\u00bfHa sufrido lesiones en un accidente en un campo petrolero? El abogado en accidentes de campos petroleros de San Antonio, Matthew S. Norris, luchar\u00e1 por la indemnizaci\u00f3n que usted necesita.","robots":{"index":"index","follow":"follow","max-snippet":"max-snippet:-1","max-image-preview":"max-image-preview:large","max-video-preview":"max-video-preview:-1"},"canonical":"https:\/\/matthewnorrislaw.com\/es\/oilfield-accidents\/","og_locale":"es_ES","og_type":"article","og_title":"Abogado en Accidentes de Campos Petroleros de San Antonio | Texas | Bufete Jur\u00eddico de Matthew S. Norris","og_description":"\u00bfHa sufrido lesiones en un accidente en un campo petrolero? El abogado en accidentes de campos petroleros de San Antonio, Matthew S. Norris, luchar\u00e1 por la indemnizaci\u00f3n que usted necesita.","og_url":"https:\/\/matthewnorrislaw.com\/es\/oilfield-accidents\/","og_site_name":"Matthew Norris Law","article_modified_time":"2021-02-15T18:44:36+00:00","twitter_card":"summary_large_image","twitter_misc":{"Tiempo de lectura":"5 minutos"},"schema":{"@context":"https:\/\/schema.org","@graph":[{"@type":"WebPage","@id":"https:\/\/matthewnorrislaw.com\/es\/oilfield-accidents\/","url":"https:\/\/matthewnorrislaw.com\/es\/oilfield-accidents\/","name":"Abogado en Accidentes de Campos Petroleros de San Antonio | Texas | Bufete Jur\u00eddico de Matthew S. Norris","isPartOf":{"@id":"https:\/\/matthewnorrislaw.com\/#website"},"datePublished":"2021-02-15T18:40:38+00:00","dateModified":"2021-02-15T18:44:36+00:00","description":"\u00bfHa sufrido lesiones en un accidente en un campo petrolero? El abogado en accidentes de campos petroleros de San Antonio, Matthew S. Norris, luchar\u00e1 por la indemnizaci\u00f3n que usted necesita.","breadcrumb":{"@id":"https:\/\/matthewnorrislaw.com\/es\/oilfield-accidents\/#breadcrumb"},"inLanguage":"es","potentialAction":[{"@type":"ReadAction","target":["https:\/\/matthewnorrislaw.com\/es\/oilfield-accidents\/"]}]},{"@type":"BreadcrumbList","@id":"https:\/\/matthewnorrislaw.com\/es\/oilfield-accidents\/#breadcrumb","itemListElement":[{"@type":"ListItem","position":1,"name":"Home","item":"https:\/\/matthewnorrislaw.com\/es\/"},{"@type":"ListItem","position":2,"name":"Accidentes de Campos Petroleros"}]},{"@type":"WebSite","@id":"https:\/\/matthewnorrislaw.com\/#website","url":"https:\/\/matthewnorrislaw.com\/","name":"Matthew Norris Law","description":"","potentialAction":[{"@type":"SearchAction","target":{"@type":"EntryPoint","urlTemplate":"https:\/\/matthewnorrislaw.com\/?s={search_term_string}"},"query-input":{"@type":"PropertyValueSpecification","valueRequired":true,"valueName":"search_term_string"}}],"inLanguage":"es"}]}},"_links":{"self":[{"href":"https:\/\/matthewnorrislaw.com\/es\/wp-json\/wp\/v2\/pages\/744","targetHints":{"allow":["GET"]}}],"collection":[{"href":"https:\/\/matthewnorrislaw.com\/es\/wp-json\/wp\/v2\/pages"}],"about":[{"href":"https:\/\/matthewnorrislaw.com\/es\/wp-json\/wp\/v2\/types\/page"}],"author":[{"embeddable":true,"href":"https:\/\/matthewnorrislaw.com\/es\/wp-json\/wp\/v2\/users\/1"}],"replies":[{"embeddable":true,"href":"https:\/\/matthewnorrislaw.com\/es\/wp-json\/wp\/v2\/comments?post=744"}],"version-history":[{"count":0,"href":"https:\/\/matthewnorrislaw.com\/es\/wp-json\/wp\/v2\/pages\/744\/revisions"}],"wp:attachment":[{"href":"https:\/\/matthewnorrislaw.com\/es\/wp-json\/wp\/v2\/media?parent=744"}],"curies":[{"name":"wp","href":"https:\/\/api.w.org\/{rel}","templated":true}]}}