{"id":750,"date":"2021-02-15T18:46:01","date_gmt":"2021-02-15T18:46:01","guid":{"rendered":"http:\/\/matthewnorrislaw.com\/?page_id=750"},"modified":"2021-02-15T18:52:46","modified_gmt":"2021-02-15T18:52:46","slug":"truck-accidents","status":"publish","type":"page","link":"https:\/\/matthewnorrislaw.com\/es\/truck-accidents\/","title":{"rendered":"Accidentes de Camiones"},"content":{"rendered":"<h1>Abogado en Accidentes de Camiones de San Antonio Protegiendo los Derechos de las V\u00edctimas de Lesiones por Accidentes de Camiones<\/h1>\n<div class=\"Inner-Video\"><iframe loading=\"lazy\" src=\"https:\/\/www.youtube.com\/embed\/xjRw4ZUXrOw\" width=\"560\" height=\"315\" frameborder=\"0\" allowfullscreen=\"allowfullscreen\"><\/iframe><\/div>\n<p>Si se lesion\u00f3 en un accidente con un cami\u00f3n comercial en o cerca del \u00e1rea de San Antonio, deje que el abogado en accidentes de camiones de San Antonio, Matthew S. Norris, investigue el accidente, determine qui\u00e9n tuvo la culpa, y lo ayude a obtener la cantidad total de indemnizaci\u00f3n que usted necesita y merece.<\/p>\n<p>Si fue lesionado porque el conductor de un cami\u00f3n fue negligente, seg\u00fan la ley de Texas usted tiene derecho a una indemnizaci\u00f3n total por todos sus gastos m\u00e9dicos \u2013 desde el momento en que se lesion\u00f3 hasta que se cure y ya no necesite tratamiento.<\/p>\n<h2>\u00bfC\u00f3mo Puede Obtener una Indemnizaci\u00f3n Por una Lesi\u00f3n Por Accidente de Cami\u00f3n?<\/h2>\n<p>Las v\u00edctimas lesionadas por una negligencia tambi\u00e9n tienen derecho a una indemnizaci\u00f3n por sus salarios perdidos y por todas las dem\u00e1s p\u00e9rdidas y gastos relacionados con sus lesiones. Sin embargo, para obtener esa indemnizaci\u00f3n, usted tendr\u00e1 que demostrar que realmente result\u00f3 lesionado y tambi\u00e9n tendr\u00e1 que demostrar que la negligencia de otra persona fue la causa.<\/p>\n<p>Es un eufemismo decir que las reclamaciones por accidentes de camiones pueden ser complicadas. Las reclamaciones por accidentes de camiones pueden involucrar a varias partes y, a menudo, a m\u00e1s de una compa\u00f1\u00eda de seguros. Si usted ha sufrido una lesi\u00f3n en la m\u00e9dula espinal o una lesi\u00f3n cerebral traum\u00e1tica, o si ha perdido una extremidad debido a una amputaci\u00f3n despu\u00e9s de una colisi\u00f3n con un cami\u00f3n, entonces necesitar\u00e1 la cantidad m\u00e1xima disponible de indemnizaci\u00f3n para su atenci\u00f3n a largo plazo. El abogado Matthew S. Norris investigar\u00e1 todas las posibles fuentes de indemnizaci\u00f3n, responsabilizar\u00e1 a las partes negligentes, y luchar\u00e1 agresivamente por sus derechos y su indemnizaci\u00f3n.<\/p>\n<h2>Cuando un Cami\u00f3n Choca con su Veh\u00edculo, \u00bfQui\u00e9n es Responsable?<\/h2>\n<p>Cuando un cami\u00f3n grande se ve involucrado en un accidente, incluso si el conductor del cami\u00f3n fue claramente el culpable, a\u00fan puede ser dif\u00edcil determinar qui\u00e9n es responsable de los da\u00f1os. Si usted resulta lesionado en un accidente con un cami\u00f3n comercial, debe consultar de inmediato con un abogado en accidentes adecuado.<\/p>\n<p>Uno de los pasos iniciales que tomar\u00e1 su abogado ser\u00e1 determinar qu\u00e9 parte o partes tienen responsabilidad legal por el accidente. \u00bfC\u00f3mo se determina la responsabilidad despu\u00e9s de una colisi\u00f3n con un cami\u00f3n? \u00bfPuede su abogado responsabilizar a una empresa de camiones \u2013 o a cualquier otra persona \u2013 por la negligencia de un conductor de cami\u00f3n?<\/p>\n<h2>\u00bfQu\u00e9 es la Responsabilidad Indirecta?<\/h2>\n<p>La responsabilidad por un accidente de cami\u00f3n a veces puede asign\u00e1rsele a una persona que no estaba conduciendo o incluso a alguien que no estuvo involucrado en la colisi\u00f3n. A esto se le llama \u201cresponsabilidad indirecta\u201d. Cuando un cami\u00f3n propiedad de una empresa se ve involucrado en un accidente porque el conductor actu\u00f3 con negligencia, la empresa puede ser considerada responsable de los da\u00f1os a trav\u00e9s de la responsabilidad indirecta. El hecho de si la responsabilidad indirecta se aplica a una colisi\u00f3n de cami\u00f3n en particular depende de las respuestas a estas preguntas:<\/p>\n<ul>\n<li>\u00bfEl conductor era un contratista independiente o un empleado de una empresa de camiones?<\/li>\n<li>\u00bfLa colisi\u00f3n y la negligencia ocurrieron en el transcurso y alcance de las tareas del conductor?<\/li>\n<li>\u00bfLa negligencia fue intencional o no intencional?<\/li>\n<\/ul>\n<p>Los empleadores, incluyendo a las empresas de transporte por carretera, pueden ser considerados responsables de la negligencia de un empleado, pero no de la negligencia de un contratista independiente. Si un conductor de cami\u00f3n es un contratista independiente y ese contratista lesiona a alguien, es posible que no se aplique la responsabilidad indirecta.<\/p>\n<h2>\u00bfCu\u00e1les Son las Obligaciones Laborales de un Conductor de Cami\u00f3n?<\/h2>\n<p>Definir lo que constituye las obligaciones laborales de un conductor de cami\u00f3n \u2013 y lo que est\u00e1 y no est\u00e1 dentro del curso y alcance de esos deberes \u2013 puede no ser f\u00e1cil. Se deben tener en cuenta varios factores, incluyendo, entre otros:<\/p>\n<ol>\n<li>La descripci\u00f3n del trabajo del conductor<\/li>\n<li>La hora y el lugar donde ocurri\u00f3 la negligencia<\/li>\n<li>La libertad y discreci\u00f3n que tiene un conductor<\/li>\n<li>La naturaleza de la negligencia y la intenci\u00f3n del conductor<\/li>\n<\/ol>\n<p>Aqu\u00ed hay un ejemplo que podr\u00eda ayudar. Si un conductor de cami\u00f3n en su ruta de entrega choca con su veh\u00edculo, el empleador del conductor \u2013 si lo hay \u2013 puede ser considerado responsable porque el conductor estaba actuando dentro del alcance y curso de sus obligaciones laborales.<\/p>\n<p>Pero si el mismo conductor termina su trabajo, conduce el cami\u00f3n del empleador a un centro comercial, y choca con su veh\u00edculo en el estacionamiento del centro comercial, en este caso el conductor no estaba actuando dentro del curso y alcance de sus obligaciones laborales, por lo que el empleador no tiene responsabilidad.<\/p>\n<h2>\u00bfQui\u00e9n M\u00e1s Puede Ser Responsable Por un Accidente de Cami\u00f3n?<\/h2>\n<p>Los camiones comerciales tienen m\u00e1s cobertura de seguro que los autom\u00f3viles, por lo que, si usted queda permanentemente discapacitado o sufre una lesi\u00f3n catastr\u00f3fica en un accidente de cami\u00f3n, es posible que pueda obtener el monto total de indemnizaci\u00f3n que necesita y merece.<\/p>\n<p>Cuando se presenta un reclamo por lesiones personales despu\u00e9s de una colisi\u00f3n de cami\u00f3n, a menudo se nombrar\u00e1 a m\u00e1s de un acusado. Los contratistas, subcontratistas, empresas de arrendamiento, fabricantes de camiones, y una serie de otras partes tambi\u00e9n pueden compartir la responsabilidad por colisiones de camiones y lesiones personales.<\/p>\n<p>Si la carga en un cami\u00f3n no se carg\u00f3 correctamente, si las llantas o los frenos se fabricaron de manera defectuosa, o si el cami\u00f3n no recibe el mantenimiento correcto o se descuida por completo, se puede nombrar a m\u00e1s de un acusado en un reclamo por lesiones y solicitarles una indemnizaci\u00f3n.<\/p>\n<h2>\u00bfC\u00f3mo se Determina la Responsabilidad por Accidentes de Camiones?<\/h2>\n<p>El determinar qui\u00e9n es responsable de un accidente de cami\u00f3n requiere el escrutinio del informe policial del accidente, los informes m\u00e9dicos y de toxicolog\u00eda, y cualquier foto, video y declaraciones de testigos disponibles. En algunas situaciones, un abogado en lesiones personales puede buscar la ayuda de un especialista en reconstrucci\u00f3n de accidentes.<\/p>\n<p>Si se nombran varios acusados, es posible que no sea f\u00e1cil resolver un reclamo fuera de los tribunales, y la v\u00edctima de la lesi\u00f3n puede necesitar llevar a uno o m\u00e1s de los acusados a los tribunales mientras se llega a un acuerdo en privado con uno o m\u00e1s de los otros acusados.<\/p>\n<p>Todo esto suena bastante complicado, pero si usted ha sufrido una discapacidad permanente o una lesi\u00f3n catastr\u00f3fica en un accidente de cami\u00f3n, un reclamo con m\u00faltiples acusados puede proporcionarle la indemnizaci\u00f3n completa que necesitar\u00e1 para sus a\u00f1os de tratamiento y atenci\u00f3n m\u00e9dica.<\/p>\n<h2>Si Usted Fue Parcialmente Responsable, \u00bfAun As\u00ed Puede Presentar un Reclamo por Lesiones?<\/h2>\n<p>Otro factor a considerar es si usted fue parcialmente responsable de la colisi\u00f3n. Texas es un estado con seguros de autom\u00f3vil de \u201cculpa comparativa modificada\u201d, por lo que, si usted tuvo un porcentaje de culpabilidad en el accidente, su indemnizaci\u00f3n se reduce en ese porcentaje. Si tuvo m\u00e1s del cincuenta por ciento de la culpa en un accidente de cami\u00f3n, entonces no podr\u00e1 obtener ninguna indemnizaci\u00f3n en Texas.<\/p>\n<p>Supongamos que un conductor de cami\u00f3n est\u00e1 bajo la influencia del alcohol. Conduciendo a treinta millas por hora arriba del l\u00edmite de velocidad indicado, y este conductor colisiona con usted mientras usted iba a cinco o siete millas por hora arriba del l\u00edmite de velocidad. Un jurado podr\u00eda decidir que usted no tuvo la culpa y ordenar el pago del monto total de la indemnizaci\u00f3n que solicita.<\/p>\n<p>Sin embargo, dado que usted iba a exceso de velocidad, el jurado tambi\u00e9n podr\u00eda decidir que usted tuvo el quince por ciento (por ejemplo) de la responsabilidad por el accidente. En ese caso, su reclamo por lesiones personales podr\u00eda prevalecer, pero si solicitaba $100,000 de indemnizaci\u00f3n, esa cifra se reducir\u00e1 en un quince por ciento a $85,000.<\/p>\n<h2>\u00bfQu\u00e9 Evidencia Se Usar\u00e1 Para Probar Su Reclamo por Lesiones Personales?<\/h2>\n<p>A diferencia de la mayor\u00eda de los autom\u00f3viles, los camiones comerciales est\u00e1n equipados con varios dispositivos que pueden ofrecer informaci\u00f3n adicional sobre un accidente. Podemos saber, por ejemplo, cu\u00e1nto tiempo trabaj\u00f3 el conductor sin tomar un descanso y qu\u00e9 tan r\u00e1pido se mov\u00eda el cami\u00f3n cuando ocurri\u00f3 el accidente. La mayor\u00eda de los camiones comerciales de hoy en d\u00eda est\u00e1n equipados con \u201ccajas negras\u201d, dispositivos GPS, e inclin\u00f3metros.<\/p>\n<p>La caja negra (tambi\u00e9n conocida como Registrador de Datos de Eventos o EDR) registra una variedad de informaci\u00f3n, como qu\u00e9 tan r\u00e1pido se mov\u00eda un cami\u00f3n, cu\u00e1ndo se usaron los frenos y cu\u00e1nto tiempo hab\u00eda estado trabajando el conductor sin tomar un descanso. Un GPS puede se\u00f1alar la ubicaci\u00f3n exacta del cami\u00f3n momentos antes del accidente, y un inclin\u00f3metro puede indicar la pendiente en la que circulaba el cami\u00f3n.<\/p>\n<p>Juntos, todos estos dispositivos a menudo proporcionan suficiente informaci\u00f3n para una reconstrucci\u00f3n precisa del accidente. Otros elementos, como los libros de registro del conductor, los informes de la estaci\u00f3n de pesaje y del muelle de carga, las declaraciones de los testigos, y las pruebas de alcohol y drogas posteriores al accidente tambi\u00e9n pueden ser importantes para la investigaci\u00f3n de un accidente de cami\u00f3n y la determinaci\u00f3n de la responsabilidad.<\/p>\n<h2>Es Importante Consultar Con un Abogado Despu\u00e9s de un Accidente de Cami\u00f3n en Texas<\/h2>\n<p>Si ha le\u00eddo hasta aqu\u00ed, entonces comprende lo complicado que puede ser un reclamo por lesiones personales derivado de un accidente de cami\u00f3n. C\u00f3mo v\u00edctima de una lesi\u00f3n, es posible que tambi\u00e9n deba tratar con una compa\u00f1\u00eda de seguros que podr\u00eda tratar de desestimar su reclamo neg\u00e1ndolo, culp\u00e1ndolo a usted del accidente, u ofreci\u00e9ndole un acuerdo con la menor cantidad posible. Si hay varios acusados y m\u00e1s de una compa\u00f1\u00eda de seguros involucrada, las complicaciones aumentan, y todo esto mientras usted intenta recuperarse de sus lesiones y simplemente regresar a su rutina diaria normal.<\/p>\n<p>Respire hondo y rel\u00e1jese. En el Bufete Jur\u00eddico de Matthew S. Norris, nuestro equipo legal manejar\u00e1 todos los aspectos de su reclamo por lesiones por accidente de cami\u00f3n. Actuamos r\u00e1pidamente para reunir y preservar evidencia importante, y negocia en su nombre con las compa\u00f1\u00edas de seguros. El abogado en lesiones personales de Texas, Matthew S. Norris, construir\u00e1 el caso m\u00e1s s\u00f3lido posible en su nombre.<\/p>\n<p>Tiene dos a\u00f1os para emprender acciones legales si resulta lesionado en un accidente de cami\u00f3n en este estado, pero no tiene por qu\u00e9 esperar dos a\u00f1os despu\u00e9s de su accidente \u2013 o incluso dos semanas \u2013 para programar una consulta con el abogado Matthew S. Norris. La evidencia \u2013 y recuerdos \u2013 pueden deteriorarse r\u00e1pidamente, por lo tanto, debe comunicarse con nuestras oficinas tan pronto como haya sido examinado por un profesional m\u00e9dico despu\u00e9s de su accidente de cami\u00f3n.<\/p>\n<p>Su primera consulta con el Bufete Jur\u00eddico de Matthew S. Norris se ofrece sin cargo y sin obligaci\u00f3n, y no nos debe nada a menos y hasta que obtengamos un acuerdo o veredicto del jurado en su nombre. Para obtener m\u00e1s informaci\u00f3n o para comenzar el proceso por lesiones personales, comun\u00edquese con nuestro bufete jur\u00eddico en San Antonio al (210) 549-7633.<\/p>\n","protected":false},"excerpt":{"rendered":"<p>Abogado en Accidentes de Camiones de San Antonio Protegiendo los Derechos de las V\u00edctimas de Lesiones por Accidentes de Camiones Si se lesion\u00f3 en un accidente con un cami\u00f3n comercial en o cerca del \u00e1rea de San Antonio, deje que el abogado en accidentes de camiones de San Antonio, Matthew S. Norris, investigue el accidente, [&hellip;]<\/p>\n","protected":false},"author":1,"featured_media":0,"parent":0,"menu_order":0,"comment_status":"closed","ping_status":"closed","template":"","meta":{"_genesis_hide_title":false,"_genesis_hide_breadcrumbs":false,"_genesis_hide_singular_image":false,"_genesis_hide_footer_widgets":false,"_genesis_custom_body_class":"","_genesis_custom_post_class":"","_genesis_layout":"","footnotes":""},"class_list":{"0":"post-750","1":"page","2":"type-page","3":"status-publish","5":"entry"},"yoast_head":"<!-- This site is optimized with the Yoast SEO plugin v27.2 - https:\/\/yoast.com\/product\/yoast-seo-wordpress\/ -->\n<title>Abogado en Accidentes de Camiones de San Antonio | Texas | Bufete Jur\u00eddico de Matthew S. Norris<\/title>\n<meta name=\"description\" content=\"\u00bfResult\u00f3 lesionado en un accidente con un cami\u00f3n comercial de gran tama\u00f1o? Deje que el abogado en accidentes de camiones de San Antonio, Matthew S. Norris, luche por su indemnizaci\u00f3n.\" \/>\n<meta name=\"robots\" content=\"index, follow, max-snippet:-1, max-image-preview:large, max-video-preview:-1\" \/>\n<link rel=\"canonical\" href=\"https:\/\/matthewnorrislaw.com\/es\/truck-accidents\/\" \/>\n<meta property=\"og:locale\" content=\"es_ES\" \/>\n<meta property=\"og:type\" content=\"article\" \/>\n<meta property=\"og:title\" content=\"Abogado en Accidentes de Camiones de San Antonio | Texas | Bufete Jur\u00eddico de Matthew S. Norris\" \/>\n<meta property=\"og:description\" content=\"\u00bfResult\u00f3 lesionado en un accidente con un cami\u00f3n comercial de gran tama\u00f1o? Deje que el abogado en accidentes de camiones de San Antonio, Matthew S. Norris, luche por su indemnizaci\u00f3n.\" \/>\n<meta property=\"og:url\" content=\"https:\/\/matthewnorrislaw.com\/es\/truck-accidents\/\" \/>\n<meta property=\"og:site_name\" content=\"Matthew Norris Law\" \/>\n<meta property=\"article:modified_time\" content=\"2021-02-15T18:52:46+00:00\" \/>\n<meta name=\"twitter:card\" content=\"summary_large_image\" \/>\n<meta name=\"twitter:label1\" content=\"Tiempo de lectura\" \/>\n\t<meta name=\"twitter:data1\" content=\"10 minutos\" \/>\n<script type=\"application\/ld+json\" class=\"yoast-schema-graph\">{\"@context\":\"https:\/\/schema.org\",\"@graph\":[{\"@type\":\"WebPage\",\"@id\":\"https:\/\/matthewnorrislaw.com\/es\/truck-accidents\/\",\"url\":\"https:\/\/matthewnorrislaw.com\/es\/truck-accidents\/\",\"name\":\"Abogado en Accidentes de Camiones de San Antonio | Texas | Bufete Jur\u00eddico de Matthew S. Norris\",\"isPartOf\":{\"@id\":\"https:\/\/matthewnorrislaw.com\/#website\"},\"datePublished\":\"2021-02-15T18:46:01+00:00\",\"dateModified\":\"2021-02-15T18:52:46+00:00\",\"description\":\"\u00bfResult\u00f3 lesionado en un accidente con un cami\u00f3n comercial de gran tama\u00f1o? Deje que el abogado en accidentes de camiones de San Antonio, Matthew S. Norris, luche por su indemnizaci\u00f3n.\",\"breadcrumb\":{\"@id\":\"https:\/\/matthewnorrislaw.com\/es\/truck-accidents\/#breadcrumb\"},\"inLanguage\":\"es\",\"potentialAction\":[{\"@type\":\"ReadAction\",\"target\":[\"https:\/\/matthewnorrislaw.com\/es\/truck-accidents\/\"]}]},{\"@type\":\"BreadcrumbList\",\"@id\":\"https:\/\/matthewnorrislaw.com\/es\/truck-accidents\/#breadcrumb\",\"itemListElement\":[{\"@type\":\"ListItem\",\"position\":1,\"name\":\"Home\",\"item\":\"https:\/\/matthewnorrislaw.com\/es\/\"},{\"@type\":\"ListItem\",\"position\":2,\"name\":\"Accidentes de Camiones\"}]},{\"@type\":\"WebSite\",\"@id\":\"https:\/\/matthewnorrislaw.com\/#website\",\"url\":\"https:\/\/matthewnorrislaw.com\/\",\"name\":\"Matthew Norris Law\",\"description\":\"\",\"potentialAction\":[{\"@type\":\"SearchAction\",\"target\":{\"@type\":\"EntryPoint\",\"urlTemplate\":\"https:\/\/matthewnorrislaw.com\/?s={search_term_string}\"},\"query-input\":{\"@type\":\"PropertyValueSpecification\",\"valueRequired\":true,\"valueName\":\"search_term_string\"}}],\"inLanguage\":\"es\"}]}<\/script>\n<!-- \/ Yoast SEO plugin. -->","yoast_head_json":{"title":"Abogado en Accidentes de Camiones de San Antonio | Texas | Bufete Jur\u00eddico de Matthew S. Norris","description":"\u00bfResult\u00f3 lesionado en un accidente con un cami\u00f3n comercial de gran tama\u00f1o? Deje que el abogado en accidentes de camiones de San Antonio, Matthew S. Norris, luche por su indemnizaci\u00f3n.","robots":{"index":"index","follow":"follow","max-snippet":"max-snippet:-1","max-image-preview":"max-image-preview:large","max-video-preview":"max-video-preview:-1"},"canonical":"https:\/\/matthewnorrislaw.com\/es\/truck-accidents\/","og_locale":"es_ES","og_type":"article","og_title":"Abogado en Accidentes de Camiones de San Antonio | Texas | Bufete Jur\u00eddico de Matthew S. Norris","og_description":"\u00bfResult\u00f3 lesionado en un accidente con un cami\u00f3n comercial de gran tama\u00f1o? Deje que el abogado en accidentes de camiones de San Antonio, Matthew S. Norris, luche por su indemnizaci\u00f3n.","og_url":"https:\/\/matthewnorrislaw.com\/es\/truck-accidents\/","og_site_name":"Matthew Norris Law","article_modified_time":"2021-02-15T18:52:46+00:00","twitter_card":"summary_large_image","twitter_misc":{"Tiempo de lectura":"10 minutos"},"schema":{"@context":"https:\/\/schema.org","@graph":[{"@type":"WebPage","@id":"https:\/\/matthewnorrislaw.com\/es\/truck-accidents\/","url":"https:\/\/matthewnorrislaw.com\/es\/truck-accidents\/","name":"Abogado en Accidentes de Camiones de San Antonio | Texas | Bufete Jur\u00eddico de Matthew S. Norris","isPartOf":{"@id":"https:\/\/matthewnorrislaw.com\/#website"},"datePublished":"2021-02-15T18:46:01+00:00","dateModified":"2021-02-15T18:52:46+00:00","description":"\u00bfResult\u00f3 lesionado en un accidente con un cami\u00f3n comercial de gran tama\u00f1o? Deje que el abogado en accidentes de camiones de San Antonio, Matthew S. Norris, luche por su indemnizaci\u00f3n.","breadcrumb":{"@id":"https:\/\/matthewnorrislaw.com\/es\/truck-accidents\/#breadcrumb"},"inLanguage":"es","potentialAction":[{"@type":"ReadAction","target":["https:\/\/matthewnorrislaw.com\/es\/truck-accidents\/"]}]},{"@type":"BreadcrumbList","@id":"https:\/\/matthewnorrislaw.com\/es\/truck-accidents\/#breadcrumb","itemListElement":[{"@type":"ListItem","position":1,"name":"Home","item":"https:\/\/matthewnorrislaw.com\/es\/"},{"@type":"ListItem","position":2,"name":"Accidentes de Camiones"}]},{"@type":"WebSite","@id":"https:\/\/matthewnorrislaw.com\/#website","url":"https:\/\/matthewnorrislaw.com\/","name":"Matthew Norris Law","description":"","potentialAction":[{"@type":"SearchAction","target":{"@type":"EntryPoint","urlTemplate":"https:\/\/matthewnorrislaw.com\/?s={search_term_string}"},"query-input":{"@type":"PropertyValueSpecification","valueRequired":true,"valueName":"search_term_string"}}],"inLanguage":"es"}]}},"_links":{"self":[{"href":"https:\/\/matthewnorrislaw.com\/es\/wp-json\/wp\/v2\/pages\/750","targetHints":{"allow":["GET"]}}],"collection":[{"href":"https:\/\/matthewnorrislaw.com\/es\/wp-json\/wp\/v2\/pages"}],"about":[{"href":"https:\/\/matthewnorrislaw.com\/es\/wp-json\/wp\/v2\/types\/page"}],"author":[{"embeddable":true,"href":"https:\/\/matthewnorrislaw.com\/es\/wp-json\/wp\/v2\/users\/1"}],"replies":[{"embeddable":true,"href":"https:\/\/matthewnorrislaw.com\/es\/wp-json\/wp\/v2\/comments?post=750"}],"version-history":[{"count":0,"href":"https:\/\/matthewnorrislaw.com\/es\/wp-json\/wp\/v2\/pages\/750\/revisions"}],"wp:attachment":[{"href":"https:\/\/matthewnorrislaw.com\/es\/wp-json\/wp\/v2\/media?parent=750"}],"curies":[{"name":"wp","href":"https:\/\/api.w.org\/{rel}","templated":true}]}}