{"id":755,"date":"2021-02-15T18:55:42","date_gmt":"2021-02-15T18:55:42","guid":{"rendered":"http:\/\/matthewnorrislaw.com\/?page_id=755"},"modified":"2021-02-15T18:58:35","modified_gmt":"2021-02-15T18:58:35","slug":"work-injuries","status":"publish","type":"page","link":"https:\/\/matthewnorrislaw.com\/es\/work-injuries\/","title":{"rendered":"Lesiones Laborales"},"content":{"rendered":"<h1>Abogado en Lesiones Laborales de San Antonio Protegiendo los Derecho de los Empleados Lesionados Trabajando<\/h1>\n<div class=\"Inner-Video\"><iframe loading=\"lazy\" src=\"https:\/\/www.youtube.com\/embed\/xjRw4ZUXrOw\" width=\"560\" height=\"315\" frameborder=\"0\" allowfullscreen=\"allowfullscreen\"><\/iframe><\/div>\n<p>Si se lesiona en su trabajo, es posible que no sepa qu\u00e9 pasos tomar o c\u00f3mo obtener una indemnizaci\u00f3n por sus facturas m\u00e9dicas y p\u00e9rdidas relacionadas. El Bufete Jur\u00eddico de Matthew S. Norris asesora a sus clientes con respecto a las lesiones laborales y los gu\u00eda a trav\u00e9s del proceso para obtener una indemnizaci\u00f3n.<\/p>\n<p>El abogado en lesiones laborales de San Antonio, Matthew S. Norris, puede ofrecerle informaci\u00f3n valiosa sobre los beneficios de la compensaci\u00f3n para trabajadores y los reclamos por lesiones personales, y trabajar\u00e1 personalmente para ayudarlo a obtener la indemnizaci\u00f3n que necesita por su lesi\u00f3n sufrida en el trabajo. Siga leyendo para obtener las respuestas a las preguntas que nuestro bufete de abogados recibe con frecuencia sobre la compensaci\u00f3n para trabajadores, reclamos por lesiones personales, y lesiones laborales.<\/p>\n<h2>\u00bfTexas les Exige a los Empleadores Que Tengan Seguro de Compensaci\u00f3n para Trabajadores?<\/h2>\n<p>La compensaci\u00f3n para trabajadores se cre\u00f3 para que los trabajadores lesionados en el trabajo pudieran recibir atenci\u00f3n m\u00e9dica y al menos una parte de sus salarios perdidos. A cambio, los empleados lesionados que est\u00e1n cubiertos por la compensaci\u00f3n para trabajadores renuncian a cualquier derecho a presentar una demanda por lesiones personales contra su empleador.<\/p>\n<p>El seguro de compensaci\u00f3n para trabajadores es un sistema de seguro sin culpa. Para recibir los beneficios de la compensaci\u00f3n para trabajadores, un empleado no tiene que demostrar que su empleador tuvo la culpa de una lesi\u00f3n relacionada con el trabajo. En cambio, los empleados lesionados solo deben demostrar que la lesi\u00f3n ocurri\u00f3 en el trabajo o estuvo directamente relacionada con el trabajo.<\/p>\n<p>A diferencia de la mayor\u00eda de los estados, Texas no obliga a los empleadores a comprar un seguro de compensaci\u00f3n para trabajadores, pero los empleadores que optan por no tener uno \u2013 \u201cno suscriptores\u201d \u2013 no tienen protecci\u00f3n contra reclamos por lesiones personales cuando los empleados se lesionan. Cuando el empleado de un no suscriptor se lesiona mientras trabaja, el empleador no suscriptor puede ser demandado y responsabilizado por las lesiones personales o las lesiones y da\u00f1os relacionados sufridos por el empleado.<\/p>\n<p>Sin embargo, la mayor\u00eda de las personas empleadas en Texas trabajan para suscriptores \u2013 empleadores que tienen cobertura de compensaci\u00f3n para trabajadores. La compensaci\u00f3n para trabajadores paga la atenci\u00f3n m\u00e9dica de un empleado lesionado y un porcentaje de sus salarios perdidos.<\/p>\n<h2>\u00bfCu\u00e1ndo Puede Demandar a un Empleador por una Lesi\u00f3n Laboral?<\/h2>\n<p>Solo puede demandar a un empleador en Texas por una lesi\u00f3n relacionada con el trabajo si el empleador no est\u00e1 suscrito a la compensaci\u00f3n para trabajadores o en circunstancias excepcionales y limitadas como estas:<\/p>\n<ol>\n<li>El empleador caus\u00f3 intencionalmente su lesi\u00f3n, y usted puede probarlo.<\/li>\n<li>Usted se lesion\u00f3 o enferm\u00f3 debido a la negligencia excesiva y grave de su empleador.<\/li>\n<li>Su reclamo de compensaci\u00f3n para trabajadores fue denegado de mala fe.<\/li>\n<li>Usted es un contratista independiente y no un empleado.<\/li>\n<\/ol>\n<p>Incluso si su empleador no est\u00e1 suscrito, los casos de lesiones personales en Texas generalmente se resuelven en negociaciones privadas y extrajudiciales, y las v\u00edctimas de lesiones rara vez tienen que comparecer ante un juez. Sin embargo, si no se presenta una propuesta de acuerdo razonable en las negociaciones privadas, entonces usted deber\u00e1 ser representado en la corte por un abogado en lesiones personales que sea agresivo y eficaz.<\/p>\n<h2>\u00bfCu\u00e1ndo Debe Hablar con un Abogado en Lesiones?<\/h2>\n<p>Ya sea que solicite los beneficios de la compensaci\u00f3n para trabajadores o entable una demanda por lesiones personales, o si no est\u00e1 seguro de qu\u00e9 camino tomar, debe ser asesorado por el abogado en lesiones laborales de San Antonio, Matthew S. Norris. \u00c9l es un negociador experto y un abogado litigante que le recomendar\u00e1 el mejor curso de acci\u00f3n y, si es necesario, lo representar\u00e1 para obtener la indemnizaci\u00f3n que necesita.<\/p>\n<p>Si presenta un reclamo por lesiones personales, el abogado Matthew S. Norris examinar\u00e1 la evidencia, tomar\u00e1 declaraciones de los testigos, desarrollar\u00e1 una estrategia legal efectiva, negociar\u00e1 en su nombre y, si es necesario, le explicar\u00e1 al jurado por qu\u00e9 usted debe ser indemnizado por su lesi\u00f3n sufrida en el trabajo.<\/p>\n<h2>\u00bfCu\u00e1nto Tiempo Tengo Para Emprender Acciones Legales?<\/h2>\n<p>Es imperativo que se re\u00fana con un abogado lo antes posible despu\u00e9s de haberse sometido a un examen m\u00e9dico y tratamiento si tiene un reclamo por lesiones personales.<\/p>\n<p>Si est\u00e1 tomando acciones legales, el estatuto de limitaciones en Texas le otorga dos a\u00f1os para presentar una demanda. Sin embargo, comun\u00edquese con el abogado Matthew S. Norris tan pronto como pueda. La evidencia se deteriora y los recuerdos se desvanecen con el tiempo, por lo que cuanto m\u00e1s r\u00e1pido su caso est\u00e9 en manos de un abogado, m\u00e1s probable ser\u00e1 que su reclamo prevalezca.<\/p>\n<p>El Bufete Jur\u00eddico de Matthew S. Norris est\u00e1 listo para ayudar a las v\u00edctimas de lesiones relacionadas con el trabajo en el \u00e1rea metropolitana de San Antonio. Si se lesion\u00f3 trabajando para un empleador \u201cno suscripto\u201d, comun\u00edquese con el Bufete Jur\u00eddico de Matthew S. Norris al 210-549-7633. Su primera consulta con un abogado se ofrece sin costo y sin compromiso.<\/p>\n","protected":false},"excerpt":{"rendered":"<p>Abogado en Lesiones Laborales de San Antonio Protegiendo los Derecho de los Empleados Lesionados Trabajando Si se lesiona en su trabajo, es posible que no sepa qu\u00e9 pasos tomar o c\u00f3mo obtener una indemnizaci\u00f3n por sus facturas m\u00e9dicas y p\u00e9rdidas relacionadas. El Bufete Jur\u00eddico de Matthew S. Norris asesora a sus clientes con respecto a [&hellip;]<\/p>\n","protected":false},"author":1,"featured_media":0,"parent":0,"menu_order":0,"comment_status":"closed","ping_status":"closed","template":"","meta":{"_genesis_hide_title":false,"_genesis_hide_breadcrumbs":false,"_genesis_hide_singular_image":false,"_genesis_hide_footer_widgets":false,"_genesis_custom_body_class":"","_genesis_custom_post_class":"","_genesis_layout":"","footnotes":""},"class_list":{"0":"post-755","1":"page","2":"type-page","3":"status-publish","5":"entry"},"yoast_head":"<!-- This site is optimized with the Yoast SEO plugin v27.2 - https:\/\/yoast.com\/product\/yoast-seo-wordpress\/ -->\n<title>Abogado en Lesiones Laborales de San Antonio | Texas | Bufete Jur\u00eddico de Matthew S. Norris<\/title>\n<meta name=\"description\" content=\"Haga que el abogado en lesiones laborales de San Antonio, Matthew S. Norris, lo asesore y lo represente si se lesion\u00f3 mientras estaba trabajando.\" \/>\n<meta name=\"robots\" content=\"index, follow, max-snippet:-1, max-image-preview:large, max-video-preview:-1\" \/>\n<link rel=\"canonical\" href=\"https:\/\/matthewnorrislaw.com\/es\/work-injuries\/\" \/>\n<meta property=\"og:locale\" content=\"es_ES\" \/>\n<meta property=\"og:type\" content=\"article\" \/>\n<meta property=\"og:title\" content=\"Abogado en Lesiones Laborales de San Antonio | Texas | Bufete Jur\u00eddico de Matthew S. Norris\" \/>\n<meta property=\"og:description\" content=\"Haga que el abogado en lesiones laborales de San Antonio, Matthew S. Norris, lo asesore y lo represente si se lesion\u00f3 mientras estaba trabajando.\" \/>\n<meta property=\"og:url\" content=\"https:\/\/matthewnorrislaw.com\/es\/work-injuries\/\" \/>\n<meta property=\"og:site_name\" content=\"Matthew Norris Law\" \/>\n<meta property=\"article:modified_time\" content=\"2021-02-15T18:58:35+00:00\" \/>\n<meta name=\"twitter:card\" content=\"summary_large_image\" \/>\n<meta name=\"twitter:label1\" content=\"Tiempo de lectura\" \/>\n\t<meta name=\"twitter:data1\" content=\"5 minutos\" \/>\n<script type=\"application\/ld+json\" class=\"yoast-schema-graph\">{\"@context\":\"https:\/\/schema.org\",\"@graph\":[{\"@type\":\"WebPage\",\"@id\":\"https:\/\/matthewnorrislaw.com\/es\/work-injuries\/\",\"url\":\"https:\/\/matthewnorrislaw.com\/es\/work-injuries\/\",\"name\":\"Abogado en Lesiones Laborales de San Antonio | Texas | Bufete Jur\u00eddico de Matthew S. Norris\",\"isPartOf\":{\"@id\":\"https:\/\/matthewnorrislaw.com\/#website\"},\"datePublished\":\"2021-02-15T18:55:42+00:00\",\"dateModified\":\"2021-02-15T18:58:35+00:00\",\"description\":\"Haga que el abogado en lesiones laborales de San Antonio, Matthew S. Norris, lo asesore y lo represente si se lesion\u00f3 mientras estaba trabajando.\",\"breadcrumb\":{\"@id\":\"https:\/\/matthewnorrislaw.com\/es\/work-injuries\/#breadcrumb\"},\"inLanguage\":\"es\",\"potentialAction\":[{\"@type\":\"ReadAction\",\"target\":[\"https:\/\/matthewnorrislaw.com\/es\/work-injuries\/\"]}]},{\"@type\":\"BreadcrumbList\",\"@id\":\"https:\/\/matthewnorrislaw.com\/es\/work-injuries\/#breadcrumb\",\"itemListElement\":[{\"@type\":\"ListItem\",\"position\":1,\"name\":\"Home\",\"item\":\"https:\/\/matthewnorrislaw.com\/es\/\"},{\"@type\":\"ListItem\",\"position\":2,\"name\":\"Lesiones Laborales\"}]},{\"@type\":\"WebSite\",\"@id\":\"https:\/\/matthewnorrislaw.com\/#website\",\"url\":\"https:\/\/matthewnorrislaw.com\/\",\"name\":\"Matthew Norris Law\",\"description\":\"\",\"potentialAction\":[{\"@type\":\"SearchAction\",\"target\":{\"@type\":\"EntryPoint\",\"urlTemplate\":\"https:\/\/matthewnorrislaw.com\/?s={search_term_string}\"},\"query-input\":{\"@type\":\"PropertyValueSpecification\",\"valueRequired\":true,\"valueName\":\"search_term_string\"}}],\"inLanguage\":\"es\"}]}<\/script>\n<!-- \/ Yoast SEO plugin. -->","yoast_head_json":{"title":"Abogado en Lesiones Laborales de San Antonio | Texas | Bufete Jur\u00eddico de Matthew S. Norris","description":"Haga que el abogado en lesiones laborales de San Antonio, Matthew S. Norris, lo asesore y lo represente si se lesion\u00f3 mientras estaba trabajando.","robots":{"index":"index","follow":"follow","max-snippet":"max-snippet:-1","max-image-preview":"max-image-preview:large","max-video-preview":"max-video-preview:-1"},"canonical":"https:\/\/matthewnorrislaw.com\/es\/work-injuries\/","og_locale":"es_ES","og_type":"article","og_title":"Abogado en Lesiones Laborales de San Antonio | Texas | Bufete Jur\u00eddico de Matthew S. Norris","og_description":"Haga que el abogado en lesiones laborales de San Antonio, Matthew S. Norris, lo asesore y lo represente si se lesion\u00f3 mientras estaba trabajando.","og_url":"https:\/\/matthewnorrislaw.com\/es\/work-injuries\/","og_site_name":"Matthew Norris Law","article_modified_time":"2021-02-15T18:58:35+00:00","twitter_card":"summary_large_image","twitter_misc":{"Tiempo de lectura":"5 minutos"},"schema":{"@context":"https:\/\/schema.org","@graph":[{"@type":"WebPage","@id":"https:\/\/matthewnorrislaw.com\/es\/work-injuries\/","url":"https:\/\/matthewnorrislaw.com\/es\/work-injuries\/","name":"Abogado en Lesiones Laborales de San Antonio | Texas | Bufete Jur\u00eddico de Matthew S. Norris","isPartOf":{"@id":"https:\/\/matthewnorrislaw.com\/#website"},"datePublished":"2021-02-15T18:55:42+00:00","dateModified":"2021-02-15T18:58:35+00:00","description":"Haga que el abogado en lesiones laborales de San Antonio, Matthew S. Norris, lo asesore y lo represente si se lesion\u00f3 mientras estaba trabajando.","breadcrumb":{"@id":"https:\/\/matthewnorrislaw.com\/es\/work-injuries\/#breadcrumb"},"inLanguage":"es","potentialAction":[{"@type":"ReadAction","target":["https:\/\/matthewnorrislaw.com\/es\/work-injuries\/"]}]},{"@type":"BreadcrumbList","@id":"https:\/\/matthewnorrislaw.com\/es\/work-injuries\/#breadcrumb","itemListElement":[{"@type":"ListItem","position":1,"name":"Home","item":"https:\/\/matthewnorrislaw.com\/es\/"},{"@type":"ListItem","position":2,"name":"Lesiones Laborales"}]},{"@type":"WebSite","@id":"https:\/\/matthewnorrislaw.com\/#website","url":"https:\/\/matthewnorrislaw.com\/","name":"Matthew Norris Law","description":"","potentialAction":[{"@type":"SearchAction","target":{"@type":"EntryPoint","urlTemplate":"https:\/\/matthewnorrislaw.com\/?s={search_term_string}"},"query-input":{"@type":"PropertyValueSpecification","valueRequired":true,"valueName":"search_term_string"}}],"inLanguage":"es"}]}},"_links":{"self":[{"href":"https:\/\/matthewnorrislaw.com\/es\/wp-json\/wp\/v2\/pages\/755","targetHints":{"allow":["GET"]}}],"collection":[{"href":"https:\/\/matthewnorrislaw.com\/es\/wp-json\/wp\/v2\/pages"}],"about":[{"href":"https:\/\/matthewnorrislaw.com\/es\/wp-json\/wp\/v2\/types\/page"}],"author":[{"embeddable":true,"href":"https:\/\/matthewnorrislaw.com\/es\/wp-json\/wp\/v2\/users\/1"}],"replies":[{"embeddable":true,"href":"https:\/\/matthewnorrislaw.com\/es\/wp-json\/wp\/v2\/comments?post=755"}],"version-history":[{"count":0,"href":"https:\/\/matthewnorrislaw.com\/es\/wp-json\/wp\/v2\/pages\/755\/revisions"}],"wp:attachment":[{"href":"https:\/\/matthewnorrislaw.com\/es\/wp-json\/wp\/v2\/media?parent=755"}],"curies":[{"name":"wp","href":"https:\/\/api.w.org\/{rel}","templated":true}]}}